{"id":997,"date":"2022-07-23T14:58:09","date_gmt":"2022-07-23T14:58:09","guid":{"rendered":"https:\/\/apicolturamorati.it\/ueber-uns"},"modified":"2022-11-11T11:46:24","modified_gmt":"2022-11-11T11:46:24","slug":"ueber-uns","status":"publish","type":"page","link":"https:\/\/apicolturamorati.it\/de\/ueber-uns","title":{"rendered":"\u00dcber uns"},"content":{"rendered":"\t\t<div data-elementor-type=\"wp-page\" data-elementor-id=\"997\" class=\"elementor elementor-997\" data-elementor-settings=\"[]\">\n\t\t\t<div class=\"elementor-inner\">\n\t\t\t\t<div class=\"elementor-section-wrap\">\n\t\t\t\t\t\t\t<section class=\"elementor-element elementor-element-3c085a2 elementor-section-boxed elementor-section-height-default elementor-section-height-default elementor-section elementor-top-section\" data-id=\"3c085a2\" data-element_type=\"section\">\n\t\t\t\t\t\t<div class=\"elementor-container elementor-column-gap-default\">\n\t\t\t\t<div class=\"elementor-row\">\n\t\t\t\t<div class=\"elementor-element elementor-element-6b73db9 elementor-column elementor-col-100 elementor-top-column\" data-id=\"6b73db9\" data-element_type=\"column\">\n\t\t\t<div class=\"elementor-column-wrap  elementor-element-populated\">\n\t\t\t\t\t<div class=\"elementor-widget-wrap\">\n\t\t\t\t<div class=\"elementor-element elementor-element-619da66 elementor-widget elementor-widget-heading\" data-id=\"619da66\" data-element_type=\"widget\" data-widget_type=\"heading.default\">\n\t\t\t\t<div class=\"elementor-widget-container\">\n\t\t\t<h2 class=\"elementor-heading-title elementor-size-default\">\u00dcber uns<\/h2>\t\t<\/div>\n\t\t\t\t<\/div>\n\t\t\t\t<div class=\"elementor-element elementor-element-b46f75a elementor-widget elementor-widget-text-editor\" data-id=\"b46f75a\" data-element_type=\"widget\" data-widget_type=\"text-editor.default\">\n\t\t\t\t<div class=\"elementor-widget-container\">\n\t\t\t\t\t<div class=\"elementor-text-editor elementor-clearfix\"><p>Die Imkerei Morati hat eine lange Tradition. Seit \u00fcber 30 Jahren geht Flavio seiner Leidenschaft f\u00fcr Bienen und die Welt der Imkerei nach. Diese Leidenschaft die er zum Beruf gemacht hat, verst\u00e4rkte sich jedoch im Jahr 2015, als Flavio seinen Arbeitsplatz verlor.<\/p>\n<\/div>\n\t\t\t\t<\/div>\n\t\t\t\t<\/div>\n\t\t\t\t\t\t<\/div>\n\t\t\t<\/div>\n\t\t<\/div>\n\t\t\t\t\t\t<\/div>\n\t\t\t<\/div>\n\t\t<\/section>\n\t\t\t\t<section class=\"elementor-element elementor-element-a6f6382 elementor-section-boxed elementor-section-height-default elementor-section-height-default elementor-section elementor-top-section\" data-id=\"a6f6382\" data-element_type=\"section\">\n\t\t\t\t\t\t<div class=\"elementor-container elementor-column-gap-default\">\n\t\t\t\t<div class=\"elementor-row\">\n\t\t\t\t<div class=\"elementor-element elementor-element-c3d797f elementor-column elementor-col-100 elementor-top-column\" data-id=\"c3d797f\" data-element_type=\"column\">\n\t\t\t<div class=\"elementor-column-wrap  elementor-element-populated\">\n\t\t\t\t\t<div class=\"elementor-widget-wrap\">\n\t\t\t\t<section class=\"elementor-element elementor-element-73c3802 elementor-section-boxed elementor-section-height-default elementor-section-height-default elementor-section elementor-inner-section\" data-id=\"73c3802\" data-element_type=\"section\">\n\t\t\t\t\t\t<div class=\"elementor-container elementor-column-gap-default\">\n\t\t\t\t<div class=\"elementor-row\">\n\t\t\t\t<div class=\"elementor-element elementor-element-b572600 elementor-column elementor-col-50 elementor-inner-column\" data-id=\"b572600\" data-element_type=\"column\">\n\t\t\t<div class=\"elementor-column-wrap  elementor-element-populated\">\n\t\t\t\t\t<div class=\"elementor-widget-wrap\">\n\t\t\t\t<div class=\"elementor-element elementor-element-be746e7 elementor-widget elementor-widget-image\" data-id=\"be746e7\" data-element_type=\"widget\" data-widget_type=\"image.default\">\n\t\t\t\t<div class=\"elementor-widget-container\">\n\t\t\t\t\t<div class=\"elementor-image\">\n\t\t\t\t\t\t\t\t\t\t<img width=\"773\" height=\"900\" src=\"https:\/\/apicolturamorati.it\/wp-content\/uploads\/2022\/07\/apicoltura-lazise.jpg\" class=\"attachment-large size-large\" alt=\"\" decoding=\"async\" loading=\"lazy\" srcset=\"https:\/\/apicolturamorati.it\/wp-content\/uploads\/2022\/07\/apicoltura-lazise.jpg 773w, https:\/\/apicolturamorati.it\/wp-content\/uploads\/2022\/07\/apicoltura-lazise-258x300.jpg 258w, https:\/\/apicolturamorati.it\/wp-content\/uploads\/2022\/07\/apicoltura-lazise-768x894.jpg 768w\" sizes=\"(max-width: 773px) 100vw, 773px\" \/>\t\t\t\t\t\t\t\t\t\t\t<\/div>\n\t\t\t\t<\/div>\n\t\t\t\t<\/div>\n\t\t\t\t\t\t<\/div>\n\t\t\t<\/div>\n\t\t<\/div>\n\t\t\t\t<div class=\"elementor-element elementor-element-77d5696 elementor-column elementor-col-50 elementor-inner-column\" data-id=\"77d5696\" data-element_type=\"column\">\n\t\t\t<div class=\"elementor-column-wrap  elementor-element-populated\">\n\t\t\t\t\t<div class=\"elementor-widget-wrap\">\n\t\t\t\t<div class=\"elementor-element elementor-element-bcee428 elementor-widget elementor-widget-text-editor\" data-id=\"bcee428\" data-element_type=\"widget\" data-widget_type=\"text-editor.default\">\n\t\t\t\t<div class=\"elementor-widget-container\">\n\t\t\t\t\t<div class=\"elementor-text-editor elementor-clearfix\"><p>Es handelt sich um einen <strong>Familienbetrieb<\/strong>, wo jeder von uns seinen Beitrag leistet, um jede T\u00e4tigkeit bestm\u00f6glich auszuf\u00fchren<\/p>\n<p><strong>Unsere Grundlagen sind:<\/strong><\/p>\n<p><strong>Landwirtschaft<\/strong><br \/><strong>Umwelt<\/strong><br \/><strong>Ern\u00e4hrung<\/strong><br \/><strong>Motorische Aktivit\u00e4ten<\/strong><br \/><strong>Kunst<\/strong><br \/><strong>Freundschaft<\/strong><\/p>\n<p>Die Synergie zwischen diesen Elementen bestimmt den respektvollen Umgang mit unserer Umgebung und Umwelt, mit uns selbst und mit unseren Mitmenschen, und genau das ist es was wir wahrhaftig vermitteln wollen. <\/p>\n<p><strong>Das Unternehmen befindet sich am s\u00fcd\u00f6stlichen Ufer des Gardasees<\/strong>, in der Gemeinde Lazise.<\/p>\n<\/div>\n\t\t\t\t<\/div>\n\t\t\t\t<\/div>\n\t\t\t\t\t\t<\/div>\n\t\t\t<\/div>\n\t\t<\/div>\n\t\t\t\t\t\t<\/div>\n\t\t\t<\/div>\n\t\t<\/section>\n\t\t\t\t\t\t<\/div>\n\t\t\t<\/div>\n\t\t<\/div>\n\t\t\t\t\t\t<\/div>\n\t\t\t<\/div>\n\t\t<\/section>\n\t\t\t\t<section class=\"elementor-element elementor-element-63bc7f8 elementor-section-content-space-between elementor-reverse-mobile elementor-section-boxed elementor-section-height-default elementor-section-height-default elementor-section elementor-top-section\" data-id=\"63bc7f8\" data-element_type=\"section\">\n\t\t\t\t\t\t<div class=\"elementor-container elementor-column-gap-default\">\n\t\t\t\t<div class=\"elementor-row\">\n\t\t\t\t<div class=\"elementor-element elementor-element-c4897ee elementor-column elementor-col-100 elementor-top-column\" data-id=\"c4897ee\" data-element_type=\"column\">\n\t\t\t<div class=\"elementor-column-wrap  elementor-element-populated\">\n\t\t\t\t\t<div class=\"elementor-widget-wrap\">\n\t\t\t\t<section class=\"elementor-element elementor-element-8cc6085 elementor-reverse-mobile elementor-section-content-middle elementor-section-boxed elementor-section-height-default elementor-section-height-default elementor-section elementor-inner-section\" data-id=\"8cc6085\" data-element_type=\"section\">\n\t\t\t\t\t\t<div class=\"elementor-container elementor-column-gap-default\">\n\t\t\t\t<div class=\"elementor-row\">\n\t\t\t\t<div class=\"elementor-element elementor-element-71b39a7 elementor-column elementor-col-50 elementor-inner-column\" data-id=\"71b39a7\" data-element_type=\"column\">\n\t\t\t<div class=\"elementor-column-wrap  elementor-element-populated\">\n\t\t\t\t\t<div class=\"elementor-widget-wrap\">\n\t\t\t\t<div class=\"elementor-element elementor-element-f8b817d elementor-widget elementor-widget-text-editor\" data-id=\"f8b817d\" data-element_type=\"widget\" data-widget_type=\"text-editor.default\">\n\t\t\t\t<div class=\"elementor-widget-container\">\n\t\t\t\t\t<div class=\"elementor-text-editor elementor-clearfix\"><p><strong>Mit unserer 30-j\u00e4hrigen Tradition blicken wir positiv in die Zukunft. <\/strong><\/p>\n<p>Alle Werte unseres Familienzweigs, der seit mehr als hundert Jahren als Landwirt t\u00e4tig ist, haben sich in unserem Unternehmen vereint. <\/p>\n<p>Das Unternehmen setzt als grundlegend auf einen wertsch\u00e4tzenden Umgang mit Mensch und Natur. In verbindung mit dem Prinzip Nachhaltigkeit. Das Grundprinzip und Leitmotiv des Unternehmens hei\u00dft \u201cNachhaltigkeit\u201d und Wertsch\u00e4tzung.<\/p>\n<\/div>\n\t\t\t\t<\/div>\n\t\t\t\t<\/div>\n\t\t\t\t\t\t<\/div>\n\t\t\t<\/div>\n\t\t<\/div>\n\t\t\t\t<div class=\"elementor-element elementor-element-66b6ad3 elementor-column elementor-col-50 elementor-inner-column\" data-id=\"66b6ad3\" data-element_type=\"column\">\n\t\t\t<div class=\"elementor-column-wrap  elementor-element-populated\">\n\t\t\t\t\t<div class=\"elementor-widget-wrap\">\n\t\t\t\t<div class=\"elementor-element elementor-element-40b75c8 elementor-widget elementor-widget-image\" data-id=\"40b75c8\" data-element_type=\"widget\" data-widget_type=\"image.default\">\n\t\t\t\t<div class=\"elementor-widget-container\">\n\t\t\t\t\t<div class=\"elementor-image\">\n\t\t\t\t\t\t\t\t\t\t<img width=\"540\" height=\"310\" src=\"https:\/\/apicolturamorati.it\/wp-content\/uploads\/2022\/07\/morati-2-copia.jpg\" class=\"attachment-medium_large size-medium_large\" alt=\"\" decoding=\"async\" loading=\"lazy\" srcset=\"https:\/\/apicolturamorati.it\/wp-content\/uploads\/2022\/07\/morati-2-copia.jpg 540w, https:\/\/apicolturamorati.it\/wp-content\/uploads\/2022\/07\/morati-2-copia-300x172.jpg 300w\" sizes=\"(max-width: 540px) 100vw, 540px\" \/>\t\t\t\t\t\t\t\t\t\t\t<\/div>\n\t\t\t\t<\/div>\n\t\t\t\t<\/div>\n\t\t\t\t\t\t<\/div>\n\t\t\t<\/div>\n\t\t<\/div>\n\t\t\t\t\t\t<\/div>\n\t\t\t<\/div>\n\t\t<\/section>\n\t\t\t\t\t\t<\/div>\n\t\t\t<\/div>\n\t\t<\/div>\n\t\t\t\t\t\t<\/div>\n\t\t\t<\/div>\n\t\t<\/section>\n\t\t\t\t<section class=\"elementor-element elementor-element-1269a6e elementor-section-boxed elementor-section-height-default elementor-section-height-default elementor-section elementor-top-section\" data-id=\"1269a6e\" data-element_type=\"section\">\n\t\t\t\t\t\t<div class=\"elementor-container elementor-column-gap-default\">\n\t\t\t\t<div class=\"elementor-row\">\n\t\t\t\t<div class=\"elementor-element elementor-element-4b8803a elementor-column elementor-col-100 elementor-top-column\" data-id=\"4b8803a\" data-element_type=\"column\">\n\t\t\t<div class=\"elementor-column-wrap  elementor-element-populated\">\n\t\t\t\t\t<div class=\"elementor-widget-wrap\">\n\t\t\t\t<section class=\"elementor-element elementor-element-1e2d2e8 elementor-section-content-middle elementor-section-boxed elementor-section-height-default elementor-section-height-default elementor-section elementor-inner-section\" data-id=\"1e2d2e8\" data-element_type=\"section\">\n\t\t\t\t\t\t<div class=\"elementor-container elementor-column-gap-default\">\n\t\t\t\t<div class=\"elementor-row\">\n\t\t\t\t<div class=\"elementor-element elementor-element-914ec1d elementor-column elementor-col-50 elementor-inner-column\" data-id=\"914ec1d\" data-element_type=\"column\">\n\t\t\t<div class=\"elementor-column-wrap  elementor-element-populated\">\n\t\t\t\t\t<div class=\"elementor-widget-wrap\">\n\t\t\t\t<div class=\"elementor-element elementor-element-a6f4f76 elementor-widget elementor-widget-image\" data-id=\"a6f4f76\" data-element_type=\"widget\" data-widget_type=\"image.default\">\n\t\t\t\t<div class=\"elementor-widget-container\">\n\t\t\t\t\t<div class=\"elementor-image\">\n\t\t\t\t\t\t\t\t\t\t<img width=\"600\" height=\"400\" src=\"https:\/\/apicolturamorati.it\/wp-content\/uploads\/2022\/07\/morati-1.jpg\" class=\"attachment-medium_large size-medium_large\" alt=\"\" decoding=\"async\" loading=\"lazy\" srcset=\"https:\/\/apicolturamorati.it\/wp-content\/uploads\/2022\/07\/morati-1.jpg 600w, https:\/\/apicolturamorati.it\/wp-content\/uploads\/2022\/07\/morati-1-300x200.jpg 300w\" sizes=\"(max-width: 600px) 100vw, 600px\" \/>\t\t\t\t\t\t\t\t\t\t\t<\/div>\n\t\t\t\t<\/div>\n\t\t\t\t<\/div>\n\t\t\t\t\t\t<\/div>\n\t\t\t<\/div>\n\t\t<\/div>\n\t\t\t\t<div class=\"elementor-element elementor-element-6092c26 elementor-column elementor-col-50 elementor-inner-column\" data-id=\"6092c26\" data-element_type=\"column\">\n\t\t\t<div class=\"elementor-column-wrap  elementor-element-populated\">\n\t\t\t\t\t<div class=\"elementor-widget-wrap\">\n\t\t\t\t<div class=\"elementor-element elementor-element-5b1f2b5 elementor-drop-cap-yes elementor-drop-cap-view-default elementor-widget elementor-widget-text-editor\" data-id=\"5b1f2b5\" data-element_type=\"widget\" data-settings=\"{&quot;drop_cap&quot;:&quot;yes&quot;}\" data-widget_type=\"text-editor.default\">\n\t\t\t\t<div class=\"elementor-widget-container\">\n\t\t\t\t\t<div class=\"elementor-text-editor elementor-clearfix\"><p><strong>Die Achtung und W\u00fcrde des Menschen und seiner Arbeit offenbart die innere Grundeinstellung des landwirtschaftlichen Betriebes <\/strong><\/p>\n<p>Aus diesem Grund erfolgt die gesamte Produktion unter gr\u00f6\u00dftm\u00f6glichem Respekt vor der biologischen Vielfalt und mit gro\u00dfer Aufmerksamkeit f\u00fcr den Naturschutz. Die Landfl\u00e4che, auf dem wir unsere Bienen ansiedeln, wird sorgf\u00e4ltig ausgew\u00e4hlt, wobei wir Gebiete bevorzugen in denen keine chemische Behandlung der angrenzenden Kulturpflanzen stattfindet, oder wir nutzen unbebaute Fl\u00e4chen . Das Gleiche gilt f\u00fcr die Produktion von Obst, Gem\u00fcse und Gew\u00fcrzpflanzen, die vollst\u00e4ndig nach den Grunds\u00e4tzen der Biolandwirtschaft get\u00e4tigt wird.<br \/>Um die ern\u00e4hrungsphysiologischen Eigenschaften der Lebensmittel zu erhalten und zur Gew\u00e4hrleistung der h\u00f6chsten Qualit\u00e4ts- Echtheits- und Geschmacksstandards, werden die Produkte, die wir verarbeiten, keiner chemischen oder thermischen Behandlung unterzogen. Wir achten besonders auf eine pestizidfreie Umgebung.<\/p>\n<\/div>\n\t\t\t\t<\/div>\n\t\t\t\t<\/div>\n\t\t\t\t\t\t<\/div>\n\t\t\t<\/div>\n\t\t<\/div>\n\t\t\t\t\t\t<\/div>\n\t\t\t<\/div>\n\t\t<\/section>\n\t\t\t\t\t\t<\/div>\n\t\t\t<\/div>\n\t\t<\/div>\n\t\t\t\t\t\t<\/div>\n\t\t\t<\/div>\n\t\t<\/section>\n\t\t\t\t<section class=\"elementor-element elementor-element-e050132 elementor-section-boxed elementor-section-height-default elementor-section-height-default elementor-section elementor-top-section\" data-id=\"e050132\" data-element_type=\"section\">\n\t\t\t\t\t\t<div class=\"elementor-container elementor-column-gap-default\">\n\t\t\t\t<div class=\"elementor-row\">\n\t\t\t\t<div class=\"elementor-element elementor-element-8c0653b elementor-column elementor-col-100 elementor-top-column\" data-id=\"8c0653b\" data-element_type=\"column\">\n\t\t\t<div class=\"elementor-column-wrap  elementor-element-populated\">\n\t\t\t\t\t<div class=\"elementor-widget-wrap\">\n\t\t\t\t<div class=\"elementor-element elementor-element-942fb5f elementor-widget elementor-widget-image\" data-id=\"942fb5f\" data-element_type=\"widget\" data-widget_type=\"image.default\">\n\t\t\t\t<div class=\"elementor-widget-container\">\n\t\t\t\t\t<div class=\"elementor-image\">\n\t\t\t\t\t\t\t\t\t\t<img width=\"768\" height=\"1024\" src=\"https:\/\/apicolturamorati.it\/wp-content\/uploads\/2022\/07\/IMG-20210203-WA0026.jpg\" class=\"attachment-large size-large\" alt=\"\" decoding=\"async\" loading=\"lazy\" srcset=\"https:\/\/apicolturamorati.it\/wp-content\/uploads\/2022\/07\/IMG-20210203-WA0026.jpg 768w, https:\/\/apicolturamorati.it\/wp-content\/uploads\/2022\/07\/IMG-20210203-WA0026-225x300.jpg 225w\" sizes=\"(max-width: 768px) 100vw, 768px\" \/>\t\t\t\t\t\t\t\t\t\t\t<\/div>\n\t\t\t\t<\/div>\n\t\t\t\t<\/div>\n\t\t\t\t\t\t<\/div>\n\t\t\t<\/div>\n\t\t<\/div>\n\t\t\t\t\t\t<\/div>\n\t\t\t<\/div>\n\t\t<\/section>\n\t\t\t\t\t\t<\/div>\n\t\t\t<\/div>\n\t\t<\/div>\n\t\t","protected":false},"excerpt":{"rendered":"<p>\u00dcber uns Die Imkerei Morati hat eine lange Tradition. Seit \u00fcber 30 Jahren geht Flavio seiner Leidenschaft f\u00fcr Bienen und die Welt der Imkerei nach. Diese Leidenschaft die er zum Beruf gemacht hat, verst\u00e4rkte sich jedoch im Jahr 2015, als Flavio seinen Arbeitsplatz verlor. Es handelt sich um einen Familienbetrieb, wo jeder von uns seinen&hellip;&nbsp;<a href=\"https:\/\/apicolturamorati.it\/de\/ueber-uns\" class=\"\" rel=\"bookmark\">Weiterlesen &raquo;<span class=\"screen-reader-text\">\u00dcber uns<\/span><\/a><\/p>\n","protected":false},"author":1,"featured_media":0,"parent":0,"menu_order":0,"comment_status":"closed","ping_status":"closed","template":"page-templates\/template-pagebuilder-full-width.php","meta":[],"_links":{"self":[{"href":"https:\/\/apicolturamorati.it\/de\/wp-json\/wp\/v2\/pages\/997"}],"collection":[{"href":"https:\/\/apicolturamorati.it\/de\/wp-json\/wp\/v2\/pages"}],"about":[{"href":"https:\/\/apicolturamorati.it\/de\/wp-json\/wp\/v2\/types\/page"}],"author":[{"embeddable":true,"href":"https:\/\/apicolturamorati.it\/de\/wp-json\/wp\/v2\/users\/1"}],"replies":[{"embeddable":true,"href":"https:\/\/apicolturamorati.it\/de\/wp-json\/wp\/v2\/comments?post=997"}],"version-history":[{"count":5,"href":"https:\/\/apicolturamorati.it\/de\/wp-json\/wp\/v2\/pages\/997\/revisions"}],"predecessor-version":[{"id":1006,"href":"https:\/\/apicolturamorati.it\/de\/wp-json\/wp\/v2\/pages\/997\/revisions\/1006"}],"wp:attachment":[{"href":"https:\/\/apicolturamorati.it\/de\/wp-json\/wp\/v2\/media?parent=997"}],"curies":[{"name":"wp","href":"https:\/\/api.w.org\/{rel}","templated":true}]}}