{"id":1047,"date":"2022-05-25T10:10:48","date_gmt":"2022-05-25T10:10:48","guid":{"rendered":"https:\/\/apicolturamorati.it\/erlebnis-und-verkostung"},"modified":"2022-11-11T15:28:50","modified_gmt":"2022-11-11T15:28:50","slug":"erlebnis-und-verkostung","status":"publish","type":"page","link":"https:\/\/apicolturamorati.it\/de\/erlebnis-und-verkostung","title":{"rendered":"Erlebnis und Verkostung"},"content":{"rendered":"\t\t<div data-elementor-type=\"wp-page\" data-elementor-id=\"1047\" class=\"elementor elementor-1047\" data-elementor-settings=\"[]\">\n\t\t\t<div class=\"elementor-inner\">\n\t\t\t\t<div class=\"elementor-section-wrap\">\n\t\t\t\t\t\t\t<section class=\"elementor-element elementor-element-69b50239 elementor-section-boxed elementor-section-height-default elementor-section-height-default elementor-section elementor-top-section\" data-id=\"69b50239\" data-element_type=\"section\">\n\t\t\t\t\t\t<div class=\"elementor-container elementor-column-gap-default\">\n\t\t\t\t<div class=\"elementor-row\">\n\t\t\t\t<div class=\"elementor-element elementor-element-4993f1cd elementor-column elementor-col-100 elementor-top-column\" data-id=\"4993f1cd\" data-element_type=\"column\">\n\t\t\t<div class=\"elementor-column-wrap  elementor-element-populated\">\n\t\t\t\t\t<div class=\"elementor-widget-wrap\">\n\t\t\t\t<div class=\"elementor-element elementor-element-48fb415 elementor-widget elementor-widget-text-editor\" data-id=\"48fb415\" data-element_type=\"widget\" data-widget_type=\"text-editor.default\">\n\t\t\t\t<div class=\"elementor-widget-container\">\n\t\t\t\t\t<div class=\"elementor-text-editor elementor-clearfix\"><p>Unser Betrieb ist stets aktiv und achtet nicht nur auf die Qualit\u00e4t seiner Produkte, sondern auch auf die Einbeziehung seiner Kunden in eine gemeinsame Reise zur Wiederentdeckung der Bedeutung des Kontakts mit der Natur und einer gesunden Ern\u00e4hrung als Grundlage f\u00fcr unser Wohlbefinden. Um diese Werte zu vermitteln und in der festen \u00dcberzeugung, dass sie nur durch die Einbeziehung der Menschen verbreitet werden k\u00f6nnen, k\u00f6nnen Sie einen Rundgang durch unseren Betrieb einschlie\u00dflich einer speziellen Verkostung buchen.<\/p>\n<\/div>\n\t\t\t\t<\/div>\n\t\t\t\t<\/div>\n\t\t\t\t<div class=\"elementor-element elementor-element-6a43eab4 elementor-widget elementor-widget-text-editor\" data-id=\"6a43eab4\" data-element_type=\"widget\" data-widget_type=\"text-editor.default\">\n\t\t\t\t<div class=\"elementor-widget-container\">\n\t\t\t\t\t<div class=\"elementor-text-editor elementor-clearfix\"><p class=\"has-text-align-center\">Buchen Sie je nach Verf\u00fcgbarkeit eine Tour durch unseren Bauernhof mit anschlie\u00dfender Verkostung; Tage und Zeiten auf Anfrage.<\/p>\n<p class=\"has-text-align-center\">F\u00fcr Informationen oder Buchungsanfragen wenden Sie sich bitte an unseren Partner CittadiLazise,<\/p>\n<p class=\"has-text-align-center\">email: <a href=\"mailto:info@cittadilazise.it\">info@cittadilazise.it<\/a>, Tel und Whatsapp: <a href=\"tel:%20393806329945\">+39 3806329945<\/a><\/p>\n<p><script type=\"text\/javascript\" src=\"https:\/\/widgets.bokun.io\/assets\/javascripts\/apps\/build\/BokunWidgetsLoader.js?bookingChannelUUID=248c31b5-72d5-42b1-ae4f-0eaf21878bf6\" async=\"\"><\/script><\/p>\n<div class=\"bokunWidget\" data-src=\"https:\/\/widgets.bokun.io\/online-sales\/248c31b5-72d5-42b1-ae4f-0eaf21878bf6\/experience\/642517\">\u00a0<\/div>\n<noscript>Please enable javascript in your browser to book<\/noscript><\/div>\n\t\t\t\t<\/div>\n\t\t\t\t<\/div>\n\t\t\t\t\t\t<\/div>\n\t\t\t<\/div>\n\t\t<\/div>\n\t\t\t\t\t\t<\/div>\n\t\t\t<\/div>\n\t\t<\/section>\n\t\t\t\t\t\t<\/div>\n\t\t\t<\/div>\n\t\t<\/div>\n\t\t","protected":false},"excerpt":{"rendered":"<p>Unser Betrieb ist stets aktiv und achtet nicht nur auf die Qualit\u00e4t seiner Produkte, sondern auch auf die Einbeziehung seiner Kunden in eine gemeinsame Reise zur Wiederentdeckung der Bedeutung des Kontakts mit der Natur und einer gesunden Ern\u00e4hrung als Grundlage f\u00fcr unser Wohlbefinden. Um diese Werte zu vermitteln und in der festen \u00dcberzeugung, dass sie&hellip;&nbsp;<a href=\"https:\/\/apicolturamorati.it\/de\/erlebnis-und-verkostung\" class=\"\" rel=\"bookmark\">Weiterlesen &raquo;<span class=\"screen-reader-text\">Erlebnis und Verkostung<\/span><\/a><\/p>\n","protected":false},"author":1,"featured_media":776,"parent":0,"menu_order":0,"comment_status":"closed","ping_status":"closed","template":"","meta":[],"_links":{"self":[{"href":"https:\/\/apicolturamorati.it\/de\/wp-json\/wp\/v2\/pages\/1047"}],"collection":[{"href":"https:\/\/apicolturamorati.it\/de\/wp-json\/wp\/v2\/pages"}],"about":[{"href":"https:\/\/apicolturamorati.it\/de\/wp-json\/wp\/v2\/types\/page"}],"author":[{"embeddable":true,"href":"https:\/\/apicolturamorati.it\/de\/wp-json\/wp\/v2\/users\/1"}],"replies":[{"embeddable":true,"href":"https:\/\/apicolturamorati.it\/de\/wp-json\/wp\/v2\/comments?post=1047"}],"version-history":[{"count":13,"href":"https:\/\/apicolturamorati.it\/de\/wp-json\/wp\/v2\/pages\/1047\/revisions"}],"predecessor-version":[{"id":1063,"href":"https:\/\/apicolturamorati.it\/de\/wp-json\/wp\/v2\/pages\/1047\/revisions\/1063"}],"wp:featuredmedia":[{"embeddable":true,"href":"https:\/\/apicolturamorati.it\/de\/wp-json\/wp\/v2\/media\/776"}],"wp:attachment":[{"href":"https:\/\/apicolturamorati.it\/de\/wp-json\/wp\/v2\/media?parent=1047"}],"curies":[{"name":"wp","href":"https:\/\/api.w.org\/{rel}","templated":true}]}}