{"id":1024,"date":"2022-09-12T05:45:09","date_gmt":"2022-09-12T05:45:09","guid":{"rendered":"https:\/\/apicolturamorati.it\/hochzeitsbevorzugungen-und-praesentkoerbe-fuer-jeden-anlass"},"modified":"2022-11-11T14:32:35","modified_gmt":"2022-11-11T14:32:35","slug":"hochzeitsbevorzugungen-und-praesentkoerbe-fuer-jeden-anlass","status":"publish","type":"page","link":"https:\/\/apicolturamorati.it\/de\/hochzeitsbevorzugungen-und-praesentkoerbe-fuer-jeden-anlass","title":{"rendered":"Hochzeitsbevorzugungen und Pr\u00e4sentk\u00f6rbe f\u00fcr jeden Anlass"},"content":{"rendered":"\t\t<div data-elementor-type=\"wp-page\" data-elementor-id=\"1024\" class=\"elementor elementor-1024\" data-elementor-settings=\"[]\">\n\t\t\t<div class=\"elementor-inner\">\n\t\t\t\t<div class=\"elementor-section-wrap\">\n\t\t\t\t\t\t\t<section class=\"elementor-element elementor-element-514830c elementor-section-boxed elementor-section-height-default elementor-section-height-default elementor-section elementor-top-section\" data-id=\"514830c\" data-element_type=\"section\">\n\t\t\t\t\t\t<div class=\"elementor-container elementor-column-gap-default\">\n\t\t\t\t<div class=\"elementor-row\">\n\t\t\t\t<div class=\"elementor-element elementor-element-2367cca elementor-column elementor-col-100 elementor-top-column\" data-id=\"2367cca\" data-element_type=\"column\">\n\t\t\t<div class=\"elementor-column-wrap  elementor-element-populated\">\n\t\t\t\t\t<div class=\"elementor-widget-wrap\">\n\t\t\t\t<div class=\"elementor-element elementor-element-9b295fd elementor-widget elementor-widget-text-editor\" data-id=\"9b295fd\" data-element_type=\"widget\" data-widget_type=\"text-editor.default\">\n\t\t\t\t<div class=\"elementor-widget-container\">\n\t\t\t\t\t<div class=\"elementor-text-editor elementor-clearfix\"><h2 class=\"has-text-align-center\">Hochzeitsbevorzugungen und Pr\u00e4sentk\u00f6rbe f\u00fcr jeden Anlass<\/h2>\n<div><span style=\"text-align: justify;\">Mit unserem Service bestellen Sie nicht nur hochwertige Feinkost.<\/span><span style=\"text-align: justify;\">&nbsp;<\/span><strong style=\"text-align: justify;\">Unsere Geschenkk\u00f6rbe versprechen Genuss Pur.<\/strong><span style=\"text-align: justify;\">&nbsp;Aus Tradition stilvoll und mit Liebe zum Detail sind unsere Geschenkk\u00f6rbe und Hochzeitsbevorzugungen aus edlene Materialien zusammengestellt. Wir bieten stilvolle Pr\u00e4sentkorbe f\u00fcr Weihnachten oder besondere Anl\u00e4sse. Setzen Sie sich mit uns in Verbindung. Wir beraten Sie gerne bei der Zusammenstellung individueller Geschenke.<\/span><\/div><div><span style=\"text-align: justify;\"><br><\/span><\/div>\n<figure class=\"wp-block-gallery columns-2 is-cropped\">\n<ul class=\"blocks-gallery-grid\">\n<li class=\"blocks-gallery-item\">\n<figure><img decoding=\"async\" class=\"wp-image-214\" src=\"https:\/\/apicolturamorati.it\/wp-content\/uploads\/2022\/08\/IMG-20201117-WA0017.jpg\" alt=\"\" data-id=\"214\" data-full-url=\"https:\/\/apicolturamorati.it\/wp-content\/uploads\/2022\/08\/IMG-20190323-WA0022.jpg\" data-link=\"https:\/\/apicolturamorati.it\/sale-aromatico\"><\/figure>\n<\/li>\n<li class=\"blocks-gallery-item\">\n<figure><img decoding=\"async\" class=\"wp-image-220\" src=\"https:\/\/apicolturamorati.it\/wp-content\/uploads\/2022\/08\/IMG-20190323-WA0022.jpg\" alt=\"\" data-id=\"220\" data-full-url=\"https:\/\/apicolturamorati.it\/wp-content\/uploads\/2022\/08\/IMG-20190323-WA0022.jpg\" data-link=\"https:\/\/apicolturamorati.it\/erbe-aromatiche\"><\/figure>\n<\/li>\n<li class=\"blocks-gallery-item\">\n<figure><img decoding=\"async\" class=\"wp-image-214\" src=\"https:\/\/apicolturamorati.it\/wp-content\/uploads\/2022\/08\/2.jpg\" alt=\"\" data-id=\"214\" data-full-url=\"https:\/\/apicolturamorati.it\/wp-content\/uploads\/2022\/08\/2.jpg\" data-link=\"https:\/\/apicolturamorati.it\/sale-aromatico\"><\/figure>\n<\/li>\n<li class=\"blocks-gallery-item\">\n<figure><img decoding=\"async\" class=\"wp-image-220\" src=\"https:\/\/apicolturamorati.it\/wp-content\/uploads\/2022\/08\/1.jpg\" alt=\"\" data-id=\"220\" data-full-url=\"https:\/\/apicolturamorati.it\/wp-content\/uploads\/2022\/08\/1.jpg\" data-link=\"https:\/\/apicolturamorati.it\/erbe-aromatiche\"><\/figure>\n<\/li>\n<li class=\"blocks-gallery-item\">\n<figure><img decoding=\"async\" class=\"wp-image-214\" src=\"https:\/\/apicolturamorati.it\/wp-content\/uploads\/2022\/09\/cesti-regalo-lazise.jpg\" data-full-url=\"https:\/\/apicolturamorati.it\/wp-content\/uploads\/2022\/09\/cesti-regalo-lazise.jpg\" data-link=\"https:\/\/apicolturamorati.it\/wp-content\/uploads\/2022\/09\/cesti-regalo-lazise.jpg\"><\/figure>\n<\/li>\n<li class=\"blocks-gallery-item\">\n<figure><img decoding=\"async\" class=\"wp-image-220\" src=\"https:\/\/apicolturamorati.it\/wp-content\/uploads\/2022\/09\/bomboniere-lazise.jpg\" alt=\"Pr\u00e4sentk\u00f6rbe\" data-id=\"220\" data-full-url=\"https:\/\/apicolturamorati.it\/wp-content\/uploads\/2022\/09\/bomboniere-lazise.jpg\" data-link=\"https:\/\/apicolturamorati.it\/wp-content\/uploads\/2022\/09\/bomboniere-lazise.jpg\"><\/figure>\n<\/li><li class=\"blocks-gallery-item\"><figure><br><\/figure><\/li>\n<\/ul>\n<\/figure><\/div>\n\t\t\t\t<\/div>\n\t\t\t\t<\/div>\n\t\t\t\t\t\t<\/div>\n\t\t\t<\/div>\n\t\t<\/div>\n\t\t\t\t\t\t<\/div>\n\t\t\t<\/div>\n\t\t<\/section>\n\t\t\t\t\t\t<\/div>\n\t\t\t<\/div>\n\t\t<\/div>\n\t\t","protected":false},"excerpt":{"rendered":"<p>Hochzeitsbevorzugungen und Pr\u00e4sentk\u00f6rbe f\u00fcr jeden Anlass Mit unserem Service bestellen Sie nicht nur hochwertige Feinkost.&nbsp;Unsere Geschenkk\u00f6rbe versprechen Genuss Pur.&nbsp;Aus Tradition stilvoll und mit Liebe zum Detail sind unsere Geschenkk\u00f6rbe und Hochzeitsbevorzugungen aus edlene Materialien zusammengestellt. Wir bieten stilvolle Pr\u00e4sentkorbe f\u00fcr Weihnachten oder besondere Anl\u00e4sse. Setzen Sie sich mit uns in Verbindung. Wir beraten Sie gerne&hellip;&nbsp;<a href=\"https:\/\/apicolturamorati.it\/de\/hochzeitsbevorzugungen-und-praesentkoerbe-fuer-jeden-anlass\" class=\"\" rel=\"bookmark\">Weiterlesen &raquo;<span class=\"screen-reader-text\">Hochzeitsbevorzugungen und Pr\u00e4sentk\u00f6rbe f\u00fcr jeden Anlass<\/span><\/a><\/p>\n","protected":false},"author":1,"featured_media":0,"parent":0,"menu_order":0,"comment_status":"closed","ping_status":"closed","template":"page-templates\/template-pagebuilder-full-width.php","meta":[],"_links":{"self":[{"href":"https:\/\/apicolturamorati.it\/de\/wp-json\/wp\/v2\/pages\/1024"}],"collection":[{"href":"https:\/\/apicolturamorati.it\/de\/wp-json\/wp\/v2\/pages"}],"about":[{"href":"https:\/\/apicolturamorati.it\/de\/wp-json\/wp\/v2\/types\/page"}],"author":[{"embeddable":true,"href":"https:\/\/apicolturamorati.it\/de\/wp-json\/wp\/v2\/users\/1"}],"replies":[{"embeddable":true,"href":"https:\/\/apicolturamorati.it\/de\/wp-json\/wp\/v2\/comments?post=1024"}],"version-history":[{"count":8,"href":"https:\/\/apicolturamorati.it\/de\/wp-json\/wp\/v2\/pages\/1024\/revisions"}],"predecessor-version":[{"id":1033,"href":"https:\/\/apicolturamorati.it\/de\/wp-json\/wp\/v2\/pages\/1024\/revisions\/1033"}],"wp:attachment":[{"href":"https:\/\/apicolturamorati.it\/de\/wp-json\/wp\/v2\/media?parent=1024"}],"curies":[{"name":"wp","href":"https:\/\/api.w.org\/{rel}","templated":true}]}}