{"id":1017,"date":"2022-08-17T06:17:31","date_gmt":"2022-08-17T06:17:31","guid":{"rendered":"https:\/\/apicolturamorati.it\/unsere-produkte"},"modified":"2025-03-27T13:54:16","modified_gmt":"2025-03-27T13:54:16","slug":"unsere-produkte","status":"publish","type":"page","link":"https:\/\/apicolturamorati.it\/de\/unsere-produkte","title":{"rendered":"Unsere Produkte"},"content":{"rendered":"\t\t<div data-elementor-type=\"wp-page\" data-elementor-id=\"1017\" class=\"elementor elementor-1017\" data-elementor-settings=\"[]\">\n\t\t\t<div class=\"elementor-inner\">\n\t\t\t\t<div class=\"elementor-section-wrap\">\n\t\t\t\t\t\t\t<section class=\"elementor-element elementor-element-ed2d0cc miele elementor-section-boxed elementor-section-height-default elementor-section-height-default elementor-section elementor-top-section\" data-id=\"ed2d0cc\" data-element_type=\"section\">\n\t\t\t\t\t\t<div class=\"elementor-container elementor-column-gap-default\">\n\t\t\t\t<div class=\"elementor-row\">\n\t\t\t\t<div class=\"elementor-element elementor-element-1e271f9 elementor-column elementor-col-100 elementor-top-column\" data-id=\"1e271f9\" data-element_type=\"column\">\n\t\t\t<div class=\"elementor-column-wrap  elementor-element-populated\">\n\t\t\t\t\t<div class=\"elementor-widget-wrap\">\n\t\t\t\t<div class=\"elementor-element elementor-element-eea3df9 elementor-widget elementor-widget-text-editor\" data-id=\"eea3df9\" data-element_type=\"widget\" data-widget_type=\"text-editor.default\">\n\t\t\t\t<div class=\"elementor-widget-container\">\n\t\t\t\t\t<div class=\"elementor-text-editor elementor-clearfix\">Alle unsere regionalen <strong>traditionsreichen handgefertigte Produkte<\/strong>, stehen f\u00fcr h\u00f6chste Bioqualit\u00e4t und Natur. Sie sind frei von Zusatz- &amp; Konservierungsstoffen oder thermische Behandlungen, <strong>damit alle ern\u00e4hrungsphysiologischen Eigenschaften erhalten bleiben.<\/strong>\n<h2 class=\"has-text-align-center\">Honig<\/h2>\n<figure class=\"wp-block-gallery columns-2 is-cropped\">\n<ul class=\"blocks-gallery-grid\">\n \t<li class=\"blocks-gallery-item\">\n<figure><img decoding=\"async\" loading=\"lazy\" width=\"1024\" height=\"696\" class=\"wp-image-222\" src=\"https:\/\/apicolturamorati.it\/wp-content\/uploads\/2019\/12\/espositore-miele-2-1024x696.jpg\" alt=\"Honig-Lazise\" data-id=\"222\" data-full-url=\"https:\/\/apicolturamorati.it\/wp-content\/uploads\/2019\/12\/espositore-miele-2.jpg\" data-link=\"https:\/\/apicolturamorati.it\/espositore-miele-2\" srcset=\"https:\/\/apicolturamorati.it\/wp-content\/uploads\/2019\/12\/espositore-miele-2-1024x696.jpg 1024w, https:\/\/apicolturamorati.it\/wp-content\/uploads\/2019\/12\/espositore-miele-2-300x204.jpg 300w, https:\/\/apicolturamorati.it\/wp-content\/uploads\/2019\/12\/espositore-miele-2-768x522.jpg 768w, https:\/\/apicolturamorati.it\/wp-content\/uploads\/2019\/12\/espositore-miele-2-1536x1044.jpg 1536w, https:\/\/apicolturamorati.it\/wp-content\/uploads\/2019\/12\/espositore-miele-2.jpg 1883w\" sizes=\"(max-width: 1024px) 100vw, 1024px\" \/><\/figure>\n<\/li>\n\n<\/ul>\n<\/figure>\nUnserem Honig wurde die Auszeichnung \u201dMiele di Lazise\u201d verliehen, eine Traditionsspezialit\u00e4t. Diese Auszeichnung steht f\u00fcr exzellente Qualit\u00e4t der Rohstoffe. Unsere Imkerarbeit legt grossen Wert auf Bio-Herstellung und erfolgt nach langer bew\u00e4hrter Tradition und in hochwertiger Feinarbeit.\n\nWir produzieren folgende Honigsorten: <strong>Bl\u00fctenhonig, Akazienhonig, Lindenhonig, Kastanienhonig, L\u00f6wenzahnhonig und Honigtau.<\/strong> In bestimmten Jahren k\u00f6nnen wir <strong>Efeuhonig<\/strong> produzieren. Alle unsere Honigsorten unterliegen Saisonschwankungen, da unsere Produktion sich an der Natur und ihren spontanen Prozessen orientiert. Aus diesem Grund sind einige Sorten zu bestimmten Jahreszeiten nicht verf\u00fcgbar.<\/div>\n\t\t\t\t<\/div>\n\t\t\t\t<\/div>\n\t\t\t\t\t\t<\/div>\n\t\t\t<\/div>\n\t\t<\/div>\n\t\t\t\t\t\t<\/div>\n\t\t\t<\/div>\n\t\t<\/section>\n\t\t\t\t<section class=\"elementor-element elementor-element-a4c4ce1 elementor-section-boxed elementor-section-height-default elementor-section-height-default elementor-section elementor-top-section\" data-id=\"a4c4ce1\" data-element_type=\"section\">\n\t\t\t\t\t\t<div class=\"elementor-container elementor-column-gap-default\">\n\t\t\t\t<div class=\"elementor-row\">\n\t\t\t\t<div class=\"elementor-element elementor-element-df3b9fc elementor-column elementor-col-100 elementor-top-column\" data-id=\"df3b9fc\" data-element_type=\"column\">\n\t\t\t<div class=\"elementor-column-wrap  elementor-element-populated\">\n\t\t\t\t\t<div class=\"elementor-widget-wrap\">\n\t\t\t\t<div class=\"elementor-element elementor-element-ed481a3 elementor-widget elementor-widget-text-editor\" data-id=\"ed481a3\" data-element_type=\"widget\" data-widget_type=\"text-editor.default\">\n\t\t\t\t<div class=\"elementor-widget-container\">\n\t\t\t\t\t<div class=\"elementor-text-editor elementor-clearfix\">\n<h2 class=\"has-text-align-center\"> Nahrungserg\u00e4nzungsmittel aus Bienenstockprodukten.<\/h2>\n<p>\n\n<\/p>\n<figure class=\"wp-block-gallery columns-2 is-cropped\">\n<ul class=\"blocks-gallery-grid\">\n<li class=\"blocks-gallery-item\">\n<figure><img decoding=\"async\" loading=\"lazy\" width=\"1024\" height=\"748\" class=\"wp-image-212\" src=\"https:\/\/apicolturamorati.it\/wp-content\/uploads\/2019\/12\/polline-grezzo-1024x748.jpg\" alt=\"\" data-id=\"212\" data-full-url=\"https:\/\/apicolturamorati.it\/wp-content\/uploads\/2019\/12\/polline-grezzo.jpg\" data-link=\"https:\/\/apicolturamorati.it\/polline-grezzo\" srcset=\"https:\/\/apicolturamorati.it\/wp-content\/uploads\/2019\/12\/polline-grezzo-1024x748.jpg 1024w, https:\/\/apicolturamorati.it\/wp-content\/uploads\/2019\/12\/polline-grezzo-300x219.jpg 300w, https:\/\/apicolturamorati.it\/wp-content\/uploads\/2019\/12\/polline-grezzo-768x561.jpg 768w, https:\/\/apicolturamorati.it\/wp-content\/uploads\/2019\/12\/polline-grezzo-1536x1122.jpg 1536w, https:\/\/apicolturamorati.it\/wp-content\/uploads\/2019\/12\/polline-grezzo.jpg 1753w\" sizes=\"(max-width: 1024px) 100vw, 1024px\" \/><\/figure>\n<\/li>\n<li class=\"blocks-gallery-item\">\n<figure><img decoding=\"async\" loading=\"lazy\" width=\"1024\" height=\"672\" class=\"wp-image-213\" src=\"https:\/\/apicolturamorati.it\/wp-content\/uploads\/2019\/12\/propoli-spray-1024x672.jpg\" alt=\"\" data-id=\"213\" data-full-url=\"https:\/\/apicolturamorati.it\/wp-content\/uploads\/2019\/12\/propoli-spray.jpg\" data-link=\"https:\/\/apicolturamorati.it\/propoli-spray\" srcset=\"https:\/\/apicolturamorati.it\/wp-content\/uploads\/2019\/12\/propoli-spray-1024x672.jpg 1024w, https:\/\/apicolturamorati.it\/wp-content\/uploads\/2019\/12\/propoli-spray-300x197.jpg 300w, https:\/\/apicolturamorati.it\/wp-content\/uploads\/2019\/12\/propoli-spray-768x504.jpg 768w, https:\/\/apicolturamorati.it\/wp-content\/uploads\/2019\/12\/propoli-spray-1536x1008.jpg 1536w, https:\/\/apicolturamorati.it\/wp-content\/uploads\/2019\/12\/propoli-spray.jpg 1920w\" sizes=\"(max-width: 1024px) 100vw, 1024px\" \/><\/figure>\n<\/li>\n<\/ul>\n<\/figure>\n<p><span style=\"font-weight: 400;\">Wir stellen zu dem Nahrungserg\u00e4nzungsmittel her, die rein nat\u00fcrliche Inhaltsstoffe aus dem Bienenstock enthalten. Diese sind:<\/span><\/p>\n<p> <strong>Propolis<\/strong> &#8211; <span style=\"font-weight: 400;\">erh\u00e4ltlich in verschiedenen Varianten, mit oder ohne Alkohol<\/span><\/p>\n<p><strong>Frischer Pollen<\/strong> &#8211; <span style=\"font-weight: 400;\">im Produktionszeitraum (Mai bis September)<\/span><\/p>\n<p><strong>Balsamel<\/strong> &#8211; <span style=\"font-weight: 400;\">Honig mit \u00e4therischen \u00d6len aus Minze, Thymian und Eukalyptus sowie Echinacea zur Linderung der Atemwegserkrankungen<\/span><\/p>\n<p><strong>Enervitam<\/strong> &#8211; <span style=\"font-weight: 400;\">Nahrungserg\u00e4nzung auf Honigbasis mit Pollen, Propolis und Gel\u00e9e Royale zur nat\u00fcrlichen St\u00e4rkung des Organismus.<\/span><\/p>\n<p><strong>Kurkuma-Ingwerhonig<\/strong> &#8211; <span style=\"font-weight: 400;\">zur Unterst\u00fctzung der nat\u00fcrlichen Reinigungsfunktionen des K\u00f6rpers.<\/span><\/p>\n<p>\n\n<\/p>\n<p><\/p><\/div>\n\t\t\t\t<\/div>\n\t\t\t\t<\/div>\n\t\t\t\t\t\t<\/div>\n\t\t\t<\/div>\n\t\t<\/div>\n\t\t\t\t\t\t<\/div>\n\t\t\t<\/div>\n\t\t<\/section>\n\t\t\t\t<section class=\"elementor-element elementor-element-3209d5d preparati elementor-section-boxed elementor-section-height-default elementor-section-height-default elementor-section elementor-top-section\" data-id=\"3209d5d\" data-element_type=\"section\">\n\t\t\t\t\t\t<div class=\"elementor-container elementor-column-gap-default\">\n\t\t\t\t<div class=\"elementor-row\">\n\t\t\t\t<div class=\"elementor-element elementor-element-ad5e6ab elementor-column elementor-col-100 elementor-top-column\" data-id=\"ad5e6ab\" data-element_type=\"column\">\n\t\t\t<div class=\"elementor-column-wrap  elementor-element-populated\">\n\t\t\t\t\t<div class=\"elementor-widget-wrap\">\n\t\t\t\t<div class=\"elementor-element elementor-element-c149c73 elementor-widget elementor-widget-text-editor\" data-id=\"c149c73\" data-element_type=\"widget\" id=\"preparati\" data-widget_type=\"text-editor.default\">\n\t\t\t\t<div class=\"elementor-widget-container\">\n\t\t\t\t\t<div class=\"elementor-text-editor elementor-clearfix\">\n<h2 class=\"has-text-align-center\">K\u00f6stlichkeiten und Gaumenfreude<\/h2>\n<p>\n\n<\/p>\n<figure class=\"wp-block-gallery columns-3 is-cropped\">\n<ul class=\"blocks-gallery-grid\">\n<li class=\"blocks-gallery-item\">\n<figure><img decoding=\"async\" loading=\"lazy\" width=\"1024\" height=\"546\" class=\"wp-image-223\" src=\"https:\/\/apicolturamorati.it\/wp-content\/uploads\/2019\/12\/miele-aromatizzato-1024x546.jpg\" alt=\"\" data-id=\"223\" data-full-url=\"https:\/\/apicolturamorati.it\/wp-content\/uploads\/2019\/12\/miele-aromatizzato.jpg\" data-link=\"https:\/\/apicolturamorati.it\/miele-aromatizzato\" srcset=\"https:\/\/apicolturamorati.it\/wp-content\/uploads\/2019\/12\/miele-aromatizzato-1024x546.jpg 1024w, https:\/\/apicolturamorati.it\/wp-content\/uploads\/2019\/12\/miele-aromatizzato-300x160.jpg 300w, https:\/\/apicolturamorati.it\/wp-content\/uploads\/2019\/12\/miele-aromatizzato-768x410.jpg 768w, https:\/\/apicolturamorati.it\/wp-content\/uploads\/2019\/12\/miele-aromatizzato-1536x819.jpg 1536w, https:\/\/apicolturamorati.it\/wp-content\/uploads\/2019\/12\/miele-aromatizzato.jpg 1920w\" sizes=\"(max-width: 1024px) 100vw, 1024px\" \/><\/figure>\n<\/li>\n<li class=\"blocks-gallery-item\">\n<figure><img decoding=\"async\" loading=\"lazy\" width=\"1024\" height=\"466\" class=\"wp-image-210\" src=\"https:\/\/apicolturamorati.it\/wp-content\/uploads\/2019\/12\/nocciolata-1024x466.jpg\" alt=\"\" data-id=\"210\" data-full-url=\"https:\/\/apicolturamorati.it\/wp-content\/uploads\/2019\/12\/nocciolata.jpg\" data-link=\"https:\/\/apicolturamorati.it\/nocciolata\" srcset=\"https:\/\/apicolturamorati.it\/wp-content\/uploads\/2019\/12\/nocciolata-1024x466.jpg 1024w, https:\/\/apicolturamorati.it\/wp-content\/uploads\/2019\/12\/nocciolata-300x137.jpg 300w, https:\/\/apicolturamorati.it\/wp-content\/uploads\/2019\/12\/nocciolata-768x349.jpg 768w, https:\/\/apicolturamorati.it\/wp-content\/uploads\/2019\/12\/nocciolata-1536x699.jpg 1536w, https:\/\/apicolturamorati.it\/wp-content\/uploads\/2019\/12\/nocciolata.jpg 1778w\" sizes=\"(max-width: 1024px) 100vw, 1024px\" \/><\/figure>\n<\/li>\n<li class=\"blocks-gallery-item\">\n<figure><img decoding=\"async\" loading=\"lazy\" width=\"1024\" height=\"1024\" class=\"wp-image-221\" src=\"https:\/\/apicolturamorati.it\/wp-content\/uploads\/2019\/12\/espositore-miele-1024x1024.jpg\" alt=\"\" data-id=\"221\" data-full-url=\"https:\/\/apicolturamorati.it\/wp-content\/uploads\/2019\/12\/espositore-miele.jpg\" data-link=\"https:\/\/apicolturamorati.it\/espositore-miele\" srcset=\"https:\/\/apicolturamorati.it\/wp-content\/uploads\/2019\/12\/espositore-miele-1024x1024.jpg 1024w, https:\/\/apicolturamorati.it\/wp-content\/uploads\/2019\/12\/espositore-miele-300x300.jpg 300w, https:\/\/apicolturamorati.it\/wp-content\/uploads\/2019\/12\/espositore-miele-150x150.jpg 150w, https:\/\/apicolturamorati.it\/wp-content\/uploads\/2019\/12\/espositore-miele-768x768.jpg 768w, https:\/\/apicolturamorati.it\/wp-content\/uploads\/2019\/12\/espositore-miele.jpg 1280w\" sizes=\"(max-width: 1024px) 100vw, 1024px\" \/><\/figure>\n<\/li>\n<\/ul>\n<\/figure>\n<p>\n\n<\/p>\n<p><span style=\"font-weight: 400;\">Wir lieben es, Honig auf verschiedene Arten neu zu interpretieren, um besondere Aromen zu kreieren, die mit dem Essen kombiniert werden k\u00f6nnen, um Ihren Tisch mit vielen interessanten Produkten aus unserem Garten und Obstgarten zu bereichern. <\/span><\/p>\n<p><span style=\"font-weight: 400;\">Sie finden:<\/span><\/p>\n<p><strong>Aromatischer Honig<\/strong><span style=\"font-weight: 400;\">, hergestellt aus Akazienhonig, dem verschiedene Produkte wie Kr\u00e4uter, Bl\u00fctenbl\u00e4tter, Zitrusschalen, Safran, Chili und Lavendel zugesetzt werden.<\/span><\/p>\n<p><span style=\"font-weight: 400;\">Diese Produkte sind dazu bestimmt, kreative Kombinationen mit all Ihren Gerichten, K\u00e4sesorten, Gem\u00fcsesorten und Kr\u00e4utertees zu erm\u00f6glichen.<\/span><\/p>\n<p><strong>Wei\u00dfe Nocciolata<\/strong><span style=\"font-weight: 400;\">, zubereitet mit Akazienhonig und Haseln\u00fcssen<\/span><\/p>\n<p><strong>Schwarze Nocciolata<\/strong><span style=\"font-weight: 400;\">, hergestellt mit Akazienhonig, Haseln\u00fcssen und Zartbitterschokolade<\/span><\/p>\n<p><strong>Honig mit<\/strong> <span style=\"font-weight: 400;\">Trockenfruchtst\u00fccken.<\/span><\/p>\n<p><strong>Konfit\u00fcren mit Rohrzucker<\/b><span style=\"font-weight: 400;\">,<\/span> <b>Kompotte ohne Zuckerzusatz<\/strong>, <span style=\"font-weight: 400;\">Die Konfit\u00fcren werden aus baumgereiften Fr\u00fcchten in einem speziellen Niedrigtemperaturverfahren hergestellt, bei dem die Farbe, die nat\u00fcrliche S\u00fc\u00dfe und die Authentizit\u00e4t der Fr\u00fcchte erhalten bleiben.<\/span><\/p>\n<p><strong>Leckere Konfit\u00fcren<\/strong><span style=\"font-weight: 400;\">, die durch die Kombination unserer Fr\u00fcchte und Kr\u00e4uter zu neuen und einzigartigen Geschmackskombinationen zusammengestellt werden.<\/span><\/p>\n<p>\n\n<\/p>\n<p><\/p><\/div>\n\t\t\t\t<\/div>\n\t\t\t\t<\/div>\n\t\t\t\t\t\t<\/div>\n\t\t\t<\/div>\n\t\t<\/div>\n\t\t\t\t\t\t<\/div>\n\t\t\t<\/div>\n\t\t<\/section>\n\t\t\t\t<section class=\"elementor-element elementor-element-e075003 elementor-section-boxed elementor-section-height-default elementor-section-height-default elementor-section elementor-top-section\" data-id=\"e075003\" data-element_type=\"section\">\n\t\t\t\t\t\t<div class=\"elementor-container elementor-column-gap-default\">\n\t\t\t\t<div class=\"elementor-row\">\n\t\t\t\t<div class=\"elementor-element elementor-element-cc77e8a elementor-column elementor-col-100 elementor-top-column\" data-id=\"cc77e8a\" data-element_type=\"column\">\n\t\t\t<div class=\"elementor-column-wrap  elementor-element-populated\">\n\t\t\t\t\t<div class=\"elementor-widget-wrap\">\n\t\t\t\t<div class=\"elementor-element elementor-element-e33f6d9 elementor-widget elementor-widget-text-editor\" data-id=\"e33f6d9\" data-element_type=\"widget\" data-widget_type=\"text-editor.default\">\n\t\t\t\t<div class=\"elementor-widget-container\">\n\t\t\t\t\t<div class=\"elementor-text-editor elementor-clearfix\">\n<h2 class=\"has-text-align-center\">F\u00fcr das Kochen<\/h2>\n<p>\n\n<\/p>\n<figure class=\"wp-block-gallery columns-2 is-cropped\">\n<ul class=\"blocks-gallery-grid\">\n<li class=\"blocks-gallery-item\">\n<figure><img decoding=\"async\" loading=\"lazy\" width=\"1024\" height=\"725\" class=\"wp-image-214\" src=\"https:\/\/apicolturamorati.it\/wp-content\/uploads\/2019\/12\/sale-aromatico-1024x725.jpg\" alt=\"\" data-id=\"214\" data-full-url=\"https:\/\/apicolturamorati.it\/wp-content\/uploads\/2019\/12\/sale-aromatico.jpg\" data-link=\"https:\/\/apicolturamorati.it\/sale-aromatico\" srcset=\"https:\/\/apicolturamorati.it\/wp-content\/uploads\/2019\/12\/sale-aromatico-1024x725.jpg 1024w, https:\/\/apicolturamorati.it\/wp-content\/uploads\/2019\/12\/sale-aromatico-300x213.jpg 300w, https:\/\/apicolturamorati.it\/wp-content\/uploads\/2019\/12\/sale-aromatico-768x544.jpg 768w, https:\/\/apicolturamorati.it\/wp-content\/uploads\/2019\/12\/sale-aromatico-1536x1088.jpg 1536w, https:\/\/apicolturamorati.it\/wp-content\/uploads\/2019\/12\/sale-aromatico.jpg 1807w\" sizes=\"(max-width: 1024px) 100vw, 1024px\" \/><\/figure>\n<\/li>\n<li class=\"blocks-gallery-item\">\n<figure><img decoding=\"async\" loading=\"lazy\" width=\"1024\" height=\"683\" class=\"wp-image-220\" src=\"https:\/\/apicolturamorati.it\/wp-content\/uploads\/2019\/12\/erbe-aromatiche-1024x683.jpg\" alt=\"\" data-id=\"220\" data-full-url=\"https:\/\/apicolturamorati.it\/wp-content\/uploads\/2019\/12\/erbe-aromatiche.jpg\" data-link=\"https:\/\/apicolturamorati.it\/erbe-aromatiche\" srcset=\"https:\/\/apicolturamorati.it\/wp-content\/uploads\/2019\/12\/erbe-aromatiche-1024x683.jpg 1024w, https:\/\/apicolturamorati.it\/wp-content\/uploads\/2019\/12\/erbe-aromatiche-300x200.jpg 300w, https:\/\/apicolturamorati.it\/wp-content\/uploads\/2019\/12\/erbe-aromatiche-768x512.jpg 768w, https:\/\/apicolturamorati.it\/wp-content\/uploads\/2019\/12\/erbe-aromatiche-1536x1024.jpg 1536w, https:\/\/apicolturamorati.it\/wp-content\/uploads\/2019\/12\/erbe-aromatiche-930x620.jpg 930w, https:\/\/apicolturamorati.it\/wp-content\/uploads\/2019\/12\/erbe-aromatiche.jpg 1920w\" sizes=\"(max-width: 1024px) 100vw, 1024px\" \/><\/figure>\n<\/li>\n<\/ul>\n<\/figure>\n<p>\n\n<\/p>\n<p>In unserem \u201cCampetto\u201d haben wir eine Produktion von Gem\u00fcse und Gew\u00fcrzpflanzen, die die perfekte Basis f\u00fcr alle Ihre Gerichte bietet.<\/p>\n<p>\n\n<\/p>\n<p>Wir produzieren:<\/p>\n<p>\n\n<\/p>\n<p><strong>Getrocknete Gew\u00fcrzkr\u00e4uter<\/strong>, wie, Salbei, Thymian, Rosmarin, Majoran, Oregano, Lorbeer, Zitronengras, Minze, Zitronenmelisse, die sowohl als Kr\u00e4utertee als auch zum Kochen verwendet werden k\u00f6nnen. <br><strong>Speisesalz mit Kr\u00e4uteraroma<\/strong><br><strong>Tomatenp\u00fcree <\/strong><br><strong>Gem\u00fcsew\u00fcrfel <\/strong><br><strong>Pesto<\/strong> mit Basilikum und Trockenfr\u00fcchten, oder Pesto mit Salbei und Trockenfr\u00fcchten<\/p>\n<p>\n\n<\/p>\n<p>Wir verarbeiten einige der Gem\u00fcse, die im Sommer angepflanzt werden, um sie das ganze Jahr \u00fcber verf\u00fcgbar zu haben. Unsere Gerichte sind <strong>Zucchinicreme und eine Auberginenvorspeise.<\/strong><\/p>\n<p>\n\n<\/p>\n<p>Da unsere Produkte saisonabh\u00e4ngig sind, kann es vorkommen, dass sie zu bestimmten Zeiten des Jahres nicht verf\u00fcgbar sind.<\/p>\n<p><\/p><\/div>\n\t\t\t\t<\/div>\n\t\t\t\t<\/div>\n\t\t\t\t\t\t<\/div>\n\t\t\t<\/div>\n\t\t<\/div>\n\t\t\t\t\t\t<\/div>\n\t\t\t<\/div>\n\t\t<\/section>\n\t\t\t\t<section class=\"elementor-element elementor-element-1411d46 elementor-section-boxed elementor-section-height-default elementor-section-height-default elementor-section elementor-top-section\" data-id=\"1411d46\" data-element_type=\"section\">\n\t\t\t\t\t\t<div class=\"elementor-container elementor-column-gap-default\">\n\t\t\t\t<div class=\"elementor-row\">\n\t\t\t\t<div class=\"elementor-element elementor-element-813ad77 elementor-column elementor-col-100 elementor-top-column\" data-id=\"813ad77\" data-element_type=\"column\">\n\t\t\t<div class=\"elementor-column-wrap  elementor-element-populated\">\n\t\t\t\t\t<div class=\"elementor-widget-wrap\">\n\t\t\t\t<div class=\"elementor-element elementor-element-9009e80 elementor-widget elementor-widget-text-editor\" data-id=\"9009e80\" data-element_type=\"widget\" data-widget_type=\"text-editor.default\">\n\t\t\t\t<div class=\"elementor-widget-container\">\n\t\t\t\t\t<div class=\"elementor-text-editor elementor-clearfix\">\n<h2 class=\"has-text-align-center\">Fertiggerichte<\/h2>\n<p><\/p>\n<figure class=\"wp-block-gallery columns-2 is-cropped\">\n<ul class=\"blocks-gallery-grid\">\n<li class=\"blocks-gallery-item\">\n<figure><img decoding=\"async\" class=\"wp-image-214\" src=\"https:\/\/apicolturamorati.it\/wp-content\/uploads\/2022\/08\/3.jpg\" alt=\"\" data-id=\"214\" data-full-url=\"https:\/\/apicolturamorati.it\/wp-content\/uploads\/2022\/08\/IMG-20220525-WA0003-rotated.jpg\"><\/figure>\n<\/li>\n<li class=\"blocks-gallery-item\">\n<figure><img decoding=\"async\" class=\"wp-image-220\" src=\"https:\/\/apicolturamorati.it\/wp-content\/uploads\/2022\/08\/IMG-20220525-WA0003-rotated.jpg\" alt=\"\" data-id=\"220\" data-full-url=\"https:\/\/apicolturamorati.it\/wp-content\/uploads\/2022\/08\/IMG-20190323-WA0022.jpg\" data-link=\"https:\/\/apicolturamorati.it\/erbe-aromatiche\"><\/figure>\n<\/li>\n<\/ul>\n<\/figure>\n<p><\/p>\n<p><\/p>\n<p><span style=\"font-weight: 400;\">Unser Angebot umfasst auch Bio-Fertiggerichte mit besten Geschmackskombinationen, die mit unseren frischen und sorgf\u00e4ltig ausgesuchten Zutaten eigens f\u00fcr Sie hergestelllt werden. Herzhafte Pasteten, leckere Gem\u00fcse-Rezepte, sowie k\u00f6stliche Beilagen sind eine Kostprobe erlesener Manufaktur-Rezepturen, selbstverst\u00e4ndlicher mit besten Zutaten in Bio- Qualit\u00e4t lieveboll zubereitet. Ein umfassendes handgemachtes Brot- und Backwaren Sortiment besteht zu 80% aus Dinkelmehl, gesundem Vollkorn und Sauerteig aus eigenem Anbau. Alle Artikel erhalten Sie per Vorbestellung oder Direktlieferung. <\/span><\/p>\n<p><\/p><\/div>\n\t\t\t\t<\/div>\n\t\t\t\t<\/div>\n\t\t\t\t\t\t<\/div>\n\t\t\t<\/div>\n\t\t<\/div>\n\t\t\t\t\t\t<\/div>\n\t\t\t<\/div>\n\t\t<\/section>\n\t\t\t\t<section class=\"elementor-element elementor-element-fe208ba elementor-section-boxed elementor-section-height-default elementor-section-height-default elementor-section elementor-top-section\" data-id=\"fe208ba\" data-element_type=\"section\">\n\t\t\t\t\t\t<div class=\"elementor-container elementor-column-gap-default\">\n\t\t\t\t<div class=\"elementor-row\">\n\t\t\t\t<div class=\"elementor-element elementor-element-63c790f elementor-column elementor-col-100 elementor-top-column\" data-id=\"63c790f\" data-element_type=\"column\">\n\t\t\t<div class=\"elementor-column-wrap  elementor-element-populated\">\n\t\t\t\t\t<div class=\"elementor-widget-wrap\">\n\t\t\t\t<div class=\"elementor-element elementor-element-77ce6bd elementor-widget elementor-widget-text-editor\" data-id=\"77ce6bd\" data-element_type=\"widget\" data-widget_type=\"text-editor.default\">\n\t\t\t\t<div class=\"elementor-widget-container\">\n\t\t\t\t\t<div class=\"elementor-text-editor elementor-clearfix\">\n<h2 class=\"has-text-align-center\">Naturkosmetik<\/h2>\n<p>\n\n<\/p>\n<div class=\"wp-block-image\">\n<figure class=\"aligncenter size-large is-resized\"><img decoding=\"async\" loading=\"lazy\" class=\"wp-image-219\" src=\"https:\/\/apicolturamorati.it\/wp-content\/uploads\/2019\/12\/cosmetici-naturali-1024x1024.jpg\" alt=\"\" width=\"768\" height=\"768\" srcset=\"https:\/\/apicolturamorati.it\/wp-content\/uploads\/2019\/12\/cosmetici-naturali-1024x1024.jpg 1024w, https:\/\/apicolturamorati.it\/wp-content\/uploads\/2019\/12\/cosmetici-naturali-300x300.jpg 300w, https:\/\/apicolturamorati.it\/wp-content\/uploads\/2019\/12\/cosmetici-naturali-150x150.jpg 150w, https:\/\/apicolturamorati.it\/wp-content\/uploads\/2019\/12\/cosmetici-naturali-768x768.jpg 768w, https:\/\/apicolturamorati.it\/wp-content\/uploads\/2019\/12\/cosmetici-naturali.jpg 1280w\" sizes=\"(max-width: 768px) 100vw, 768px\" \/><\/figure>\n<\/div>\n<p>\n\n<\/p>\n<p><span style=\"font-weight: 400;\">Unsere Produktpalette besteht aus einer Kosmetiklinie, dessen Rezepturen darauf abzielen, die nat\u00fcrlichen Bestandteile hervorzuheben und ihre Eigenschaften optimal zu nutzen.<\/span><\/p>\n<p><span style=\"font-weight: 400;\">Die Grundbestandteile dieser Kosmetika sind hausgemacht und nat\u00fcrlich,<\/span> <strong>ohne Zusatz von chemischen Zus\u00e4tzen oder Konservierungsstoffen<\/strong><span style=\"font-weight: 400;\">.<\/span> <\/p>\n<p><span style=\"font-weight: 400;\">Aus diesem Grund sind auch die Duftnoten sehr sanft und entsprechen denen der in den Produkten enthaltenen Pflanzen.<\/span><\/p>\n<p><strong>Zu dieser Linie geh\u00f6ren:<\/strong><\/p>\n<p><span style=\"font-weight: 400;\">K\u00f6rpercreme, Ringelblume, Lavendel und Honig<\/span><\/p>\n<p><span style=\"font-weight: 400;\">Handcreme<\/span><\/p>\n<p><span style=\"font-weight: 400;\">Minze-Thymian Bein- und Fu\u00dfcreme<\/span><\/p>\n<p><span style=\"font-weight: 400;\">Anti-Age Gesichtscreme <\/span><\/p>\n<p><span style=\"font-weight: 400;\">Lippenstift aus Bienenwachs<\/span><\/p>\n<p><span style=\"font-weight: 400;\">Kr\u00e4uter-Duschshampoo<\/span><\/p>\n<p><\/p><\/div>\n\t\t\t\t<\/div>\n\t\t\t\t<\/div>\n\t\t\t\t\t\t<\/div>\n\t\t\t<\/div>\n\t\t<\/div>\n\t\t\t\t\t\t<\/div>\n\t\t\t<\/div>\n\t\t<\/section>\n\t\t\t\t\t\t<\/div>\n\t\t\t<\/div>\n\t\t<\/div>\n\t\t","protected":false},"excerpt":{"rendered":"<p>Alle unsere regionalen traditionsreichen handgefertigte Produkte, stehen f\u00fcr h\u00f6chste Bioqualit\u00e4t und Natur. Sie sind frei von Zusatz- &amp; Konservierungsstoffen oder thermische Behandlungen, damit alle ern\u00e4hrungsphysiologischen Eigenschaften erhalten bleiben. Honig Unserem Honig wurde die Auszeichnung \u201dMiele di Lazise\u201d verliehen, eine Traditionsspezialit\u00e4t. Diese Auszeichnung steht f\u00fcr exzellente Qualit\u00e4t der Rohstoffe. Unsere Imkerarbeit legt grossen Wert auf Bio-Herstellung&hellip;&nbsp;<a href=\"https:\/\/apicolturamorati.it\/de\/unsere-produkte\" class=\"\" rel=\"bookmark\">Weiterlesen &raquo;<span class=\"screen-reader-text\">Unsere Produkte<\/span><\/a><\/p>\n","protected":false},"author":1,"featured_media":0,"parent":0,"menu_order":0,"comment_status":"closed","ping_status":"closed","template":"","meta":[],"_links":{"self":[{"href":"https:\/\/apicolturamorati.it\/de\/wp-json\/wp\/v2\/pages\/1017"}],"collection":[{"href":"https:\/\/apicolturamorati.it\/de\/wp-json\/wp\/v2\/pages"}],"about":[{"href":"https:\/\/apicolturamorati.it\/de\/wp-json\/wp\/v2\/types\/page"}],"author":[{"embeddable":true,"href":"https:\/\/apicolturamorati.it\/de\/wp-json\/wp\/v2\/users\/1"}],"replies":[{"embeddable":true,"href":"https:\/\/apicolturamorati.it\/de\/wp-json\/wp\/v2\/comments?post=1017"}],"version-history":[{"count":4,"href":"https:\/\/apicolturamorati.it\/de\/wp-json\/wp\/v2\/pages\/1017\/revisions"}],"predecessor-version":[{"id":1092,"href":"https:\/\/apicolturamorati.it\/de\/wp-json\/wp\/v2\/pages\/1017\/revisions\/1092"}],"wp:attachment":[{"href":"https:\/\/apicolturamorati.it\/de\/wp-json\/wp\/v2\/media?parent=1017"}],"curies":[{"name":"wp","href":"https:\/\/api.w.org\/{rel}","templated":true}]}}