{"id":1014,"date":"2022-07-24T11:56:07","date_gmt":"2022-07-24T11:56:07","guid":{"rendered":"https:\/\/apicolturamorati.it\/anbaugebiet"},"modified":"2022-11-11T13:46:31","modified_gmt":"2022-11-11T13:46:31","slug":"anbaugebiet","status":"publish","type":"page","link":"https:\/\/apicolturamorati.it\/de\/anbaugebiet","title":{"rendered":"Anbaugebiet"},"content":{"rendered":"\t\t<div data-elementor-type=\"wp-page\" data-elementor-id=\"1014\" class=\"elementor elementor-1014\" data-elementor-settings=\"[]\">\n\t\t\t<div class=\"elementor-inner\">\n\t\t\t\t<div class=\"elementor-section-wrap\">\n\t\t\t\t\t\t\t<section class=\"elementor-element elementor-element-2bfb7fb elementor-section-boxed elementor-section-height-default elementor-section-height-default elementor-section elementor-top-section\" data-id=\"2bfb7fb\" data-element_type=\"section\">\n\t\t\t\t\t\t<div class=\"elementor-container elementor-column-gap-default\">\n\t\t\t\t<div class=\"elementor-row\">\n\t\t\t\t<div class=\"elementor-element elementor-element-eab3eee elementor-column elementor-col-100 elementor-top-column\" data-id=\"eab3eee\" data-element_type=\"column\">\n\t\t\t<div class=\"elementor-column-wrap  elementor-element-populated\">\n\t\t\t\t\t<div class=\"elementor-widget-wrap\">\n\t\t\t\t<section class=\"elementor-element elementor-element-411f7f0 elementor-section-boxed elementor-section-height-default elementor-section-height-default elementor-section elementor-inner-section\" data-id=\"411f7f0\" data-element_type=\"section\">\n\t\t\t\t\t\t<div class=\"elementor-container elementor-column-gap-default\">\n\t\t\t\t<div class=\"elementor-row\">\n\t\t\t\t<div class=\"elementor-element elementor-element-87fb705 elementor-column elementor-col-50 elementor-inner-column\" data-id=\"87fb705\" data-element_type=\"column\">\n\t\t\t<div class=\"elementor-column-wrap  elementor-element-populated\">\n\t\t\t\t\t<div class=\"elementor-widget-wrap\">\n\t\t\t\t<div class=\"elementor-element elementor-element-02de41e elementor-widget elementor-widget-heading\" data-id=\"02de41e\" data-element_type=\"widget\" data-widget_type=\"heading.default\">\n\t\t\t\t<div class=\"elementor-widget-container\">\n\t\t\t<h2 class=\"elementor-heading-title elementor-size-default\">Anbaugebiet <\/h2>\t\t<\/div>\n\t\t\t\t<\/div>\n\t\t\t\t<div class=\"elementor-element elementor-element-3cbcf8d elementor-widget elementor-widget-text-editor\" data-id=\"3cbcf8d\" data-element_type=\"widget\" data-widget_type=\"text-editor.default\">\n\t\t\t\t<div class=\"elementor-widget-container\">\n\t\t\t\t\t<div class=\"elementor-text-editor elementor-clearfix\"><p>Unser Betrieb befindet sich in einem besonders interessanten Gebiet, in den Mor\u00e4nenh\u00fcgeln, 5 km vom S\u00fcdufer des Gardasees entfernt.<br \/>Hier sp\u00fcrt man die Bauerntradition, die bis in die R\u00f6merzeit zur\u00fcckreicht.<br \/>Sie k\u00f6nnen lange Wanderungen in der gr\u00fcnen Landschaft unternehmen und einen Blick auf die nahe gelegenen Gipfel des Monte Baldo haben, die in 30 Minuten mit dem Auto erreichbar sind, wo Sie zahlreiche H\u00f6henwanderungen unternehmen und sich an herrlichen Ausblicken erfreuen k\u00f6nnen.<\/p>\n<\/div>\n\t\t\t\t<\/div>\n\t\t\t\t<\/div>\n\t\t\t\t\t\t<\/div>\n\t\t\t<\/div>\n\t\t<\/div>\n\t\t\t\t<div class=\"elementor-element elementor-element-e6c7fa4 elementor-column elementor-col-50 elementor-inner-column\" data-id=\"e6c7fa4\" data-element_type=\"column\">\n\t\t\t<div class=\"elementor-column-wrap  elementor-element-populated\">\n\t\t\t\t\t<div class=\"elementor-widget-wrap\">\n\t\t\t\t<div class=\"elementor-element elementor-element-67d2c80 elementor-widget elementor-widget-image\" data-id=\"67d2c80\" data-element_type=\"widget\" data-widget_type=\"image.default\">\n\t\t\t\t<div class=\"elementor-widget-container\">\n\t\t\t\t\t<div class=\"elementor-image\">\n\t\t\t\t\t\t\t\t\t\t<img width=\"1024\" height=\"539\" src=\"https:\/\/apicolturamorati.it\/wp-content\/uploads\/2019\/12\/paesaggio-1024x539.jpg\" class=\"attachment-large size-large\" alt=\"\" decoding=\"async\" loading=\"lazy\" srcset=\"https:\/\/apicolturamorati.it\/wp-content\/uploads\/2019\/12\/paesaggio-1024x539.jpg 1024w, https:\/\/apicolturamorati.it\/wp-content\/uploads\/2019\/12\/paesaggio-300x158.jpg 300w, https:\/\/apicolturamorati.it\/wp-content\/uploads\/2019\/12\/paesaggio-768x404.jpg 768w, https:\/\/apicolturamorati.it\/wp-content\/uploads\/2019\/12\/paesaggio-1536x809.jpg 1536w, https:\/\/apicolturamorati.it\/wp-content\/uploads\/2019\/12\/paesaggio.jpg 1920w\" sizes=\"(max-width: 1024px) 100vw, 1024px\" \/>\t\t\t\t\t\t\t\t\t\t\t<\/div>\n\t\t\t\t<\/div>\n\t\t\t\t<\/div>\n\t\t\t\t\t\t<\/div>\n\t\t\t<\/div>\n\t\t<\/div>\n\t\t\t\t\t\t<\/div>\n\t\t\t<\/div>\n\t\t<\/section>\n\t\t\t\t\t\t<\/div>\n\t\t\t<\/div>\n\t\t<\/div>\n\t\t\t\t\t\t<\/div>\n\t\t\t<\/div>\n\t\t<\/section>\n\t\t\t\t<section class=\"elementor-element elementor-element-1cb7d28 elementor-section-boxed elementor-section-height-default elementor-section-height-default elementor-section elementor-top-section\" data-id=\"1cb7d28\" data-element_type=\"section\">\n\t\t\t\t\t\t<div class=\"elementor-container elementor-column-gap-default\">\n\t\t\t\t<div class=\"elementor-row\">\n\t\t\t\t<div class=\"elementor-element elementor-element-2d68f15 elementor-column elementor-col-100 elementor-top-column\" data-id=\"2d68f15\" data-element_type=\"column\">\n\t\t\t<div class=\"elementor-column-wrap  elementor-element-populated\">\n\t\t\t\t\t<div class=\"elementor-widget-wrap\">\n\t\t\t\t<section class=\"elementor-element elementor-element-14f30c4 elementor-section-content-middle elementor-section-boxed elementor-section-height-default elementor-section-height-default elementor-section elementor-inner-section\" data-id=\"14f30c4\" data-element_type=\"section\">\n\t\t\t\t\t\t<div class=\"elementor-container elementor-column-gap-default\">\n\t\t\t\t<div class=\"elementor-row\">\n\t\t\t\t<div class=\"elementor-element elementor-element-177d5e5 elementor-column elementor-col-50 elementor-inner-column\" data-id=\"177d5e5\" data-element_type=\"column\">\n\t\t\t<div class=\"elementor-column-wrap  elementor-element-populated\">\n\t\t\t\t\t<div class=\"elementor-widget-wrap\">\n\t\t\t\t<div class=\"elementor-element elementor-element-ee65684 elementor-widget elementor-widget-image\" data-id=\"ee65684\" data-element_type=\"widget\" data-widget_type=\"image.default\">\n\t\t\t\t<div class=\"elementor-widget-container\">\n\t\t\t\t\t<div class=\"elementor-image\">\n\t\t\t\t\t\t\t\t\t\t<img width=\"1024\" height=\"683\" src=\"https:\/\/apicolturamorati.it\/wp-content\/uploads\/2019\/12\/IMG_7604-1024x683.jpg\" class=\"attachment-large size-large\" alt=\"\" decoding=\"async\" loading=\"lazy\" srcset=\"https:\/\/apicolturamorati.it\/wp-content\/uploads\/2019\/12\/IMG_7604-1024x683.jpg 1024w, https:\/\/apicolturamorati.it\/wp-content\/uploads\/2019\/12\/IMG_7604-300x200.jpg 300w, https:\/\/apicolturamorati.it\/wp-content\/uploads\/2019\/12\/IMG_7604-768x512.jpg 768w, https:\/\/apicolturamorati.it\/wp-content\/uploads\/2019\/12\/IMG_7604-1536x1024.jpg 1536w, https:\/\/apicolturamorati.it\/wp-content\/uploads\/2019\/12\/IMG_7604-930x620.jpg 930w, https:\/\/apicolturamorati.it\/wp-content\/uploads\/2019\/12\/IMG_7604.jpg 1920w\" sizes=\"(max-width: 1024px) 100vw, 1024px\" \/>\t\t\t\t\t\t\t\t\t\t\t<\/div>\n\t\t\t\t<\/div>\n\t\t\t\t<\/div>\n\t\t\t\t\t\t<\/div>\n\t\t\t<\/div>\n\t\t<\/div>\n\t\t\t\t<div class=\"elementor-element elementor-element-dfac85b elementor-column elementor-col-50 elementor-inner-column\" data-id=\"dfac85b\" data-element_type=\"column\">\n\t\t\t<div class=\"elementor-column-wrap  elementor-element-populated\">\n\t\t\t\t\t<div class=\"elementor-widget-wrap\">\n\t\t\t\t<div class=\"elementor-element elementor-element-a3f6ba1 elementor-widget elementor-widget-text-editor\" data-id=\"a3f6ba1\" data-element_type=\"widget\" data-widget_type=\"text-editor.default\">\n\t\t\t\t<div class=\"elementor-widget-container\">\n\t\t\t\t\t<div class=\"elementor-text-editor elementor-clearfix\">Unser Bauernhof liegt in der N\u00e4he des Thermalparks der <strong>Villa dei Cedri<\/strong>, t\u00e4glich f\u00fcr die \u00d6ffentlichkeit zug\u00e4nglich, f\u00fcr einen Moment der Entspannung und des Wohlbefindens.\nIn einer halben Stunde erreicht man die Innenstadt von <strong>Verona<\/strong>, reich an monumentalen, k\u00fcnstlerischen und literarischen Werken, die weltweit einzigartig sind.\n\n<strong> Lazise, unsere Gemeinde,<\/strong> r\u00fchmt sich als erste Gemeinde in Italien und ihr Zentrum ist nur wenige Minuten von unserem Hauptsitz<strong> Col\u00e0 entfernt, der Stadtteil in dem wir leben und arbeiten,<\/strong>ein ruhiges Dorf wo man in Harmonie mit der Natur leben kann.\n\n<strong> Unser Il Campetto liegt auf dem Lande in der N\u00e4he des Stadtzentrums.<\/strong>\nDas Gebiet ist vollkommen von Gr\u00fcnfl\u00e4chen umgeben, wo Sie den Kontakt mit der Natur, Ruhe und Entspannung erleben k\u00f6nnen.<\/div>\n\t\t\t\t<\/div>\n\t\t\t\t<\/div>\n\t\t\t\t\t\t<\/div>\n\t\t\t<\/div>\n\t\t<\/div>\n\t\t\t\t\t\t<\/div>\n\t\t\t<\/div>\n\t\t<\/section>\n\t\t\t\t<div class=\"elementor-element elementor-element-3a4858b elementor-widget elementor-widget-text-editor\" data-id=\"3a4858b\" data-element_type=\"widget\" data-widget_type=\"text-editor.default\">\n\t\t\t\t<div class=\"elementor-widget-container\">\n\t\t\t\t\t<div class=\"elementor-text-editor elementor-clearfix\"><\/div>\n\t\t\t\t<\/div>\n\t\t\t\t<\/div>\n\t\t\t\t\t\t<\/div>\n\t\t\t<\/div>\n\t\t<\/div>\n\t\t\t\t\t\t<\/div>\n\t\t\t<\/div>\n\t\t<\/section>\n\t\t\t\t<section class=\"elementor-element elementor-element-7950f18 elementor-section-boxed elementor-section-height-default elementor-section-height-default elementor-section elementor-top-section\" data-id=\"7950f18\" data-element_type=\"section\">\n\t\t\t\t\t\t<div class=\"elementor-container elementor-column-gap-default\">\n\t\t\t\t<div class=\"elementor-row\">\n\t\t\t\t<div class=\"elementor-element elementor-element-9a76efb elementor-column elementor-col-100 elementor-top-column\" data-id=\"9a76efb\" data-element_type=\"column\">\n\t\t\t<div class=\"elementor-column-wrap  elementor-element-populated\">\n\t\t\t\t\t<div class=\"elementor-widget-wrap\">\n\t\t\t\t<section class=\"elementor-element elementor-element-8dd35fd elementor-section-boxed elementor-section-height-default elementor-section-height-default elementor-section elementor-inner-section\" data-id=\"8dd35fd\" data-element_type=\"section\">\n\t\t\t\t\t\t<div class=\"elementor-container elementor-column-gap-default\">\n\t\t\t\t<div class=\"elementor-row\">\n\t\t\t\t<div class=\"elementor-element elementor-element-58db3ae elementor-column elementor-col-50 elementor-inner-column\" data-id=\"58db3ae\" data-element_type=\"column\">\n\t\t\t<div class=\"elementor-column-wrap  elementor-element-populated\">\n\t\t\t\t\t<div class=\"elementor-widget-wrap\">\n\t\t\t\t<div class=\"elementor-element elementor-element-edbde58 elementor-widget elementor-widget-image\" data-id=\"edbde58\" data-element_type=\"widget\" data-widget_type=\"image.default\">\n\t\t\t\t<div class=\"elementor-widget-container\">\n\t\t\t\t\t<div class=\"elementor-image\">\n\t\t\t\t\t\t\t\t\t\t<img width=\"1024\" height=\"683\" src=\"https:\/\/apicolturamorati.it\/wp-content\/uploads\/2022\/07\/2-1024x683.jpg\" class=\"attachment-large size-large\" alt=\"\" decoding=\"async\" loading=\"lazy\" srcset=\"https:\/\/apicolturamorati.it\/wp-content\/uploads\/2022\/07\/2-1024x683.jpg 1024w, https:\/\/apicolturamorati.it\/wp-content\/uploads\/2022\/07\/2-300x200.jpg 300w, https:\/\/apicolturamorati.it\/wp-content\/uploads\/2022\/07\/2-768x512.jpg 768w, https:\/\/apicolturamorati.it\/wp-content\/uploads\/2022\/07\/2-1536x1024.jpg 1536w, https:\/\/apicolturamorati.it\/wp-content\/uploads\/2022\/07\/2-2048x1365.jpg 2048w, https:\/\/apicolturamorati.it\/wp-content\/uploads\/2022\/07\/2-930x620.jpg 930w\" sizes=\"(max-width: 1024px) 100vw, 1024px\" \/>\t\t\t\t\t\t\t\t\t\t\t<\/div>\n\t\t\t\t<\/div>\n\t\t\t\t<\/div>\n\t\t\t\t\t\t<\/div>\n\t\t\t<\/div>\n\t\t<\/div>\n\t\t\t\t<div class=\"elementor-element elementor-element-888824b elementor-column elementor-col-50 elementor-inner-column\" data-id=\"888824b\" data-element_type=\"column\">\n\t\t\t<div class=\"elementor-column-wrap  elementor-element-populated\">\n\t\t\t\t\t<div class=\"elementor-widget-wrap\">\n\t\t\t\t<div class=\"elementor-element elementor-element-d4da218 elementor-widget elementor-widget-image\" data-id=\"d4da218\" data-element_type=\"widget\" data-widget_type=\"image.default\">\n\t\t\t\t<div class=\"elementor-widget-container\">\n\t\t\t\t\t<div class=\"elementor-image\">\n\t\t\t\t\t\t\t\t\t\t<img width=\"1024\" height=\"683\" src=\"https:\/\/apicolturamorati.it\/wp-content\/uploads\/2022\/07\/campetto-1-1024x683.jpg\" class=\"attachment-large size-large\" alt=\"\" decoding=\"async\" loading=\"lazy\" srcset=\"https:\/\/apicolturamorati.it\/wp-content\/uploads\/2022\/07\/campetto-1-1024x683.jpg 1024w, https:\/\/apicolturamorati.it\/wp-content\/uploads\/2022\/07\/campetto-1-300x200.jpg 300w, https:\/\/apicolturamorati.it\/wp-content\/uploads\/2022\/07\/campetto-1-768x512.jpg 768w, https:\/\/apicolturamorati.it\/wp-content\/uploads\/2022\/07\/campetto-1-1536x1024.jpg 1536w, https:\/\/apicolturamorati.it\/wp-content\/uploads\/2022\/07\/campetto-1-2048x1365.jpg 2048w, https:\/\/apicolturamorati.it\/wp-content\/uploads\/2022\/07\/campetto-1-930x620.jpg 930w\" sizes=\"(max-width: 1024px) 100vw, 1024px\" \/>\t\t\t\t\t\t\t\t\t\t\t<\/div>\n\t\t\t\t<\/div>\n\t\t\t\t<\/div>\n\t\t\t\t\t\t<\/div>\n\t\t\t<\/div>\n\t\t<\/div>\n\t\t\t\t\t\t<\/div>\n\t\t\t<\/div>\n\t\t<\/section>\n\t\t\t\t\t\t<\/div>\n\t\t\t<\/div>\n\t\t<\/div>\n\t\t\t\t\t\t<\/div>\n\t\t\t<\/div>\n\t\t<\/section>\n\t\t\t\t\t\t<\/div>\n\t\t\t<\/div>\n\t\t<\/div>\n\t\t","protected":false},"excerpt":{"rendered":"<p>Anbaugebiet Unser Betrieb befindet sich in einem besonders interessanten Gebiet, in den Mor\u00e4nenh\u00fcgeln, 5 km vom S\u00fcdufer des Gardasees entfernt.Hier sp\u00fcrt man die Bauerntradition, die bis in die R\u00f6merzeit zur\u00fcckreicht.Sie k\u00f6nnen lange Wanderungen in der gr\u00fcnen Landschaft unternehmen und einen Blick auf die nahe gelegenen Gipfel des Monte Baldo haben, die in 30 Minuten mit&hellip;&nbsp;<a href=\"https:\/\/apicolturamorati.it\/de\/anbaugebiet\" class=\"\" rel=\"bookmark\">Weiterlesen &raquo;<span class=\"screen-reader-text\">Anbaugebiet<\/span><\/a><\/p>\n","protected":false},"author":1,"featured_media":0,"parent":0,"menu_order":0,"comment_status":"closed","ping_status":"closed","template":"page-templates\/template-pagebuilder-full-width.php","meta":[],"_links":{"self":[{"href":"https:\/\/apicolturamorati.it\/de\/wp-json\/wp\/v2\/pages\/1014"}],"collection":[{"href":"https:\/\/apicolturamorati.it\/de\/wp-json\/wp\/v2\/pages"}],"about":[{"href":"https:\/\/apicolturamorati.it\/de\/wp-json\/wp\/v2\/types\/page"}],"author":[{"embeddable":true,"href":"https:\/\/apicolturamorati.it\/de\/wp-json\/wp\/v2\/users\/1"}],"replies":[{"embeddable":true,"href":"https:\/\/apicolturamorati.it\/de\/wp-json\/wp\/v2\/comments?post=1014"}],"version-history":[{"count":1,"href":"https:\/\/apicolturamorati.it\/de\/wp-json\/wp\/v2\/pages\/1014\/revisions"}],"predecessor-version":[{"id":1015,"href":"https:\/\/apicolturamorati.it\/de\/wp-json\/wp\/v2\/pages\/1014\/revisions\/1015"}],"wp:attachment":[{"href":"https:\/\/apicolturamorati.it\/de\/wp-json\/wp\/v2\/media?parent=1014"}],"curies":[{"name":"wp","href":"https:\/\/api.w.org\/{rel}","templated":true}]}}