{"id":1001,"date":"2022-09-12T05:24:31","date_gmt":"2022-09-12T05:24:31","guid":{"rendered":"https:\/\/apicolturamorati.it\/homepage"},"modified":"2022-11-11T15:43:18","modified_gmt":"2022-11-11T15:43:18","slug":"homepage","status":"publish","type":"page","link":"https:\/\/apicolturamorati.it\/de","title":{"rendered":"Homepage"},"content":{"rendered":"\t\t<div data-elementor-type=\"wp-post\" data-elementor-id=\"1001\" class=\"elementor elementor-1001\" data-elementor-settings=\"[]\">\n\t\t\t<div class=\"elementor-inner\">\n\t\t\t\t<div class=\"elementor-section-wrap\">\n\t\t\t\t\t\t\t<section class=\"elementor-element elementor-element-4db5727b elementor-section-height-min-height elementor-section-items-top elementor-section-boxed elementor-section-height-default elementor-section elementor-top-section\" data-id=\"4db5727b\" data-element_type=\"section\" data-settings=\"{&quot;background_background&quot;:&quot;classic&quot;}\">\n\t\t\t\t\t\t\t<div class=\"elementor-background-overlay\"><\/div>\n\t\t\t\t\t\t\t<div class=\"elementor-container elementor-column-gap-default\">\n\t\t\t\t<div class=\"elementor-row\">\n\t\t\t\t<div class=\"elementor-element elementor-element-73f58b0e elementor-column elementor-col-50 elementor-top-column\" data-id=\"73f58b0e\" data-element_type=\"column\">\n\t\t\t<div class=\"elementor-column-wrap  elementor-element-populated\">\n\t\t\t\t\t<div class=\"elementor-widget-wrap\">\n\t\t\t\t<div class=\"elementor-element elementor-element-52ca3c28 elementor-widget elementor-widget-heading\" data-id=\"52ca3c28\" data-element_type=\"widget\" data-widget_type=\"heading.default\">\n\t\t\t\t<div class=\"elementor-widget-container\">\n\t\t\t<h5 class=\"elementor-heading-title elementor-size-default\">Ihre Arbeit wird einen gro\u00dfen Teil Ihres Lebens ausf\u00fcllen. Der einzige Weg, wirklich zufrieden zu sein <br>besteht darin\ndas zu tun, was Sie f\u00fcr gro\u00dfartige Arbeit halten<\/h5>\t\t<\/div>\n\t\t\t\t<\/div>\n\t\t\t\t\t\t<\/div>\n\t\t\t<\/div>\n\t\t<\/div>\n\t\t\t\t<div class=\"elementor-element elementor-element-25626694 elementor-column elementor-col-50 elementor-top-column\" data-id=\"25626694\" data-element_type=\"column\">\n\t\t\t<div class=\"elementor-column-wrap\">\n\t\t\t\t\t<div class=\"elementor-widget-wrap\">\n\t\t\t\t\t\t<\/div>\n\t\t\t<\/div>\n\t\t<\/div>\n\t\t\t\t\t\t<\/div>\n\t\t\t<\/div>\n\t\t<\/section>\n\t\t\t\t<section class=\"elementor-element elementor-element-0a8035d elementor-section-full_width elementor-section-height-default elementor-section-height-default elementor-section elementor-top-section\" data-id=\"0a8035d\" data-element_type=\"section\" data-settings=\"{&quot;background_background&quot;:&quot;classic&quot;}\">\n\t\t\t\t\t\t<div class=\"elementor-container elementor-column-gap-default\">\n\t\t\t\t<div class=\"elementor-row\">\n\t\t\t\t<div class=\"elementor-element elementor-element-8f5bcca elementor-column elementor-col-100 elementor-top-column\" data-id=\"8f5bcca\" data-element_type=\"column\">\n\t\t\t<div class=\"elementor-column-wrap  elementor-element-populated\">\n\t\t\t\t\t<div class=\"elementor-widget-wrap\">\n\t\t\t\t<div class=\"elementor-element elementor-element-155ee8c elementor-widget elementor-widget-heading\" data-id=\"155ee8c\" data-element_type=\"widget\" data-widget_type=\"heading.default\">\n\t\t\t\t<div class=\"elementor-widget-container\">\n\t\t\t<div class=\"elementor-heading-title elementor-size-large\"><a href=\"https:\/\/apicolturamorati.it\/de\/ueber-uns\">Unsere Grundwerte:<\/a><\/div>\t\t<\/div>\n\t\t\t\t<\/div>\n\t\t\t\t<section class=\"elementor-element elementor-element-de92c70 elementor-section-boxed elementor-section-height-default elementor-section-height-default elementor-section elementor-inner-section\" data-id=\"de92c70\" data-element_type=\"section\">\n\t\t\t\t\t\t<div class=\"elementor-container elementor-column-gap-default\">\n\t\t\t\t<div class=\"elementor-row\">\n\t\t\t\t<div class=\"elementor-element elementor-element-082da5b elementor-column elementor-col-33 elementor-inner-column\" data-id=\"082da5b\" data-element_type=\"column\">\n\t\t\t<div class=\"elementor-column-wrap  elementor-element-populated\">\n\t\t\t\t\t<div class=\"elementor-widget-wrap\">\n\t\t\t\t<div class=\"elementor-element elementor-element-2ad3dbd elementor-widget elementor-widget-heading\" data-id=\"2ad3dbd\" data-element_type=\"widget\" data-widget_type=\"heading.default\">\n\t\t\t\t<div class=\"elementor-widget-container\">\n\t\t\t<h2 class=\"elementor-heading-title elementor-size-default\">20-j\u00e4hrige Erfahrung<\/h2>\t\t<\/div>\n\t\t\t\t<\/div>\n\t\t\t\t\t\t<\/div>\n\t\t\t<\/div>\n\t\t<\/div>\n\t\t\t\t<div class=\"elementor-element elementor-element-c3a1440 elementor-column elementor-col-33 elementor-inner-column\" data-id=\"c3a1440\" data-element_type=\"column\">\n\t\t\t<div class=\"elementor-column-wrap  elementor-element-populated\">\n\t\t\t\t\t<div class=\"elementor-widget-wrap\">\n\t\t\t\t<div class=\"elementor-element elementor-element-33b7d59 elementor-widget elementor-widget-heading\" data-id=\"33b7d59\" data-element_type=\"widget\" data-widget_type=\"heading.default\">\n\t\t\t\t<div class=\"elementor-widget-container\">\n\t\t\t<h2 class=\"elementor-heading-title elementor-size-default\">Tradition mit Blick in die Zukunft<\/h2>\t\t<\/div>\n\t\t\t\t<\/div>\n\t\t\t\t\t\t<\/div>\n\t\t\t<\/div>\n\t\t<\/div>\n\t\t\t\t<div class=\"elementor-element elementor-element-19e7ea7 elementor-column elementor-col-33 elementor-inner-column\" data-id=\"19e7ea7\" data-element_type=\"column\">\n\t\t\t<div class=\"elementor-column-wrap  elementor-element-populated\">\n\t\t\t\t\t<div class=\"elementor-widget-wrap\">\n\t\t\t\t<div class=\"elementor-element elementor-element-38f9fce elementor-widget elementor-widget-heading\" data-id=\"38f9fce\" data-element_type=\"widget\" data-widget_type=\"heading.default\">\n\t\t\t\t<div class=\"elementor-widget-container\">\n\t\t\t<h2 class=\"elementor-heading-title elementor-size-default\">Wertsch\u00e4tzung von Natur und Mensch<\/h2>\t\t<\/div>\n\t\t\t\t<\/div>\n\t\t\t\t\t\t<\/div>\n\t\t\t<\/div>\n\t\t<\/div>\n\t\t\t\t\t\t<\/div>\n\t\t\t<\/div>\n\t\t<\/section>\n\t\t\t\t\t\t<\/div>\n\t\t\t<\/div>\n\t\t<\/div>\n\t\t\t\t\t\t<\/div>\n\t\t\t<\/div>\n\t\t<\/section>\n\t\t\t\t\t\t<\/div>\n\t\t\t<\/div>\n\t\t<\/div>\n\t\t","protected":false},"excerpt":{"rendered":"<p>Ihre Arbeit wird einen gro\u00dfen Teil Ihres Lebens ausf\u00fcllen. Der einzige Weg, wirklich zufrieden zu sein besteht darin das zu tun, was Sie f\u00fcr gro\u00dfartige Arbeit halten Unsere Grundwerte: 20-j\u00e4hrige Erfahrung Tradition mit Blick in die Zukunft Wertsch\u00e4tzung von Natur und Mensch<\/p>\n","protected":false},"author":1,"featured_media":0,"parent":0,"menu_order":0,"comment_status":"closed","ping_status":"closed","template":"elementor_header_footer","meta":[],"_links":{"self":[{"href":"https:\/\/apicolturamorati.it\/de\/wp-json\/wp\/v2\/pages\/1001"}],"collection":[{"href":"https:\/\/apicolturamorati.it\/de\/wp-json\/wp\/v2\/pages"}],"about":[{"href":"https:\/\/apicolturamorati.it\/de\/wp-json\/wp\/v2\/types\/page"}],"author":[{"embeddable":true,"href":"https:\/\/apicolturamorati.it\/de\/wp-json\/wp\/v2\/users\/1"}],"replies":[{"embeddable":true,"href":"https:\/\/apicolturamorati.it\/de\/wp-json\/wp\/v2\/comments?post=1001"}],"version-history":[{"count":5,"href":"https:\/\/apicolturamorati.it\/de\/wp-json\/wp\/v2\/pages\/1001\/revisions"}],"predecessor-version":[{"id":1069,"href":"https:\/\/apicolturamorati.it\/de\/wp-json\/wp\/v2\/pages\/1001\/revisions\/1069"}],"wp:attachment":[{"href":"https:\/\/apicolturamorati.it\/de\/wp-json\/wp\/v2\/media?parent=1001"}],"curies":[{"name":"wp","href":"https:\/\/api.w.org\/{rel}","templated":true}]}}